{"id":3029,"date":"2025-11-12T14:03:00","date_gmt":"2025-11-12T14:03:00","guid":{"rendered":"https:\/\/lexicoglobal.com\/wer-wir-sind\/"},"modified":"2026-01-08T14:38:10","modified_gmt":"2026-01-08T14:38:10","slug":"wer-wir-sind","status":"publish","type":"page","link":"https:\/\/lexicoglobal.com\/de\/wer-wir-sind\/","title":{"rendered":"Wer wir sind"},"content":{"rendered":"\t\t<div data-elementor-type=\"wp-page\" data-elementor-id=\"3029\" class=\"elementor elementor-3029 elementor-210\" data-elementor-post-type=\"page\">\n\t\t\t\t<div class=\"elementor-element elementor-element-96b44cd e-flex e-con-boxed e-con e-parent\" data-id=\"96b44cd\" data-element_type=\"container\" data-settings=\"{&quot;background_background&quot;:&quot;classic&quot;}\">\n\t\t\t\t\t<div class=\"e-con-inner\">\n\t\t\t\t<div class=\"elementor-element elementor-element-9e8649d elementor-widget__width-initial elementor-widget-mobile__width-initial elementor-widget elementor-widget-heading\" data-id=\"9e8649d\" data-element_type=\"widget\" data-widget_type=\"heading.default\">\n\t\t\t\t\t<h1 class=\"elementor-heading-title elementor-size-default\">Wer wir sind<\/h1>\t\t\t\t<\/div>\n\t\t\t\t\t<\/div>\n\t\t\t\t<\/div>\n\t\t<div class=\"elementor-element elementor-element-819203a e-flex e-con-boxed e-con e-parent\" data-id=\"819203a\" data-element_type=\"container\">\n\t\t\t\t\t<div class=\"e-con-inner\">\n\t\t<div class=\"elementor-element elementor-element-110a1d1 e-con-full e-flex e-con e-child\" data-id=\"110a1d1\" data-element_type=\"container\">\n\t\t\t\t<div class=\"elementor-element elementor-element-83f182c elementor-widget elementor-widget-heading\" data-id=\"83f182c\" data-element_type=\"widget\" data-widget_type=\"heading.default\">\n\t\t\t\t\t<h2 class=\"elementor-heading-title elementor-size-default\">Wir sind Lexico<\/h2>\t\t\t\t<\/div>\n\t\t\t\t<div class=\"elementor-element elementor-element-ad69de0 elementor-widget elementor-widget-text-editor\" data-id=\"ad69de0\" data-element_type=\"widget\" data-widget_type=\"text-editor.default\">\n\t\t\t\t\t\t\t\t\t<p>Bei <strong>Lexico<\/strong> glauben wir, dass Recht, Sprachen und Mediation nicht nur technische Werkzeuge sind, sondern Br\u00fccken, die es Menschen, Familien und Unternehmen erm\u00f6glichen, ohne Barrieren zu wachsen.<\/p><p>Wir sind ein multidisziplin\u00e4res Team aus Jurist:innen, Mediator:innen, \u00dcbersetzer:innen und Dolmetscher:innen mit internationaler Erfahrung. Unsere Mission ist es, Menschen zu begleiten, die sich rechtlichen, sprachlichen oder kulturellen Herausforderungen in einer zunehmend globalisierten Welt stellen \u2013 und dabei klare, individuelle und kulturell sensible L\u00f6sungen zu bieten.<\/p><p>Unser ganzheitlicher Ansatz:<\/p>\t\t\t\t\t\t\t\t<\/div>\n\t\t\t\t<div class=\"elementor-element elementor-element-eeafbf0 elementor-widget elementor-widget-text-editor\" data-id=\"eeafbf0\" data-element_type=\"widget\" data-widget_type=\"text-editor.default\">\n\t\t\t\t\t\t\t\t\t<ul><li><strong>Rechtlich<\/strong> \u2013 wir geben Ihnen Sicherheit und Unterst\u00fctzung in jedem Verfahren oder Rechtskonflikt.<\/li><li><strong>Sprachlich<\/strong> \u2013 wir sorgen daf\u00fcr, dass Ihre Botschaft klar und pr\u00e4zise in allen Sprachen verstanden wird. <\/li><li><strong>Interkulturell<\/strong> \u2013 wir helfen, kulturelle Unterschiede als Mehrwert zu nutzen, statt sie als Hindernis zu sehen.<\/li><\/ul>\t\t\t\t\t\t\t\t<\/div>\n\t\t\t\t<div class=\"elementor-element elementor-element-07e1bf7 elementor-widget elementor-widget-text-editor\" data-id=\"07e1bf7\" data-element_type=\"widget\" data-widget_type=\"text-editor.default\">\n\t\t\t\t\t\t\t\t\t<p>Was uns auszeichnet, ist unser menschlicher und pers\u00f6nlicher Ansatz. Wir arbeiten nicht mit Standardl\u00f6sungen oder vorgefertigten Antworten: Wir h\u00f6ren Sie zu, verstehen Ihren Kontext und entwickeln einen ma\u00dfgeschneiderten Plan f\u00fcr Ihre Situation. Vertraulichkeit, Transparenz und Qualit\u00e4t bilden die Grundlage unserer Arbeit.<\/p><p>Wir arbeiten mit Privatpersonen, Fachleuten, kleinen und mittleren Unternehmen, gemeinn\u00fctzige Organisationen und Migrant:innen und passen uns jeder Situation mit Einf\u00fchlungsverm\u00f6gen und Respekt an.<\/p><p>Bei <strong>Lexico<\/strong> l\u00f6sen wir nicht nur Probleme \u2013 wir \u00f6ffnen Wege, damit sich Ihrem Projekt, Ihre Familie oder Ihr pers\u00f6nliches Leben mit Sicherheit, Vertrauen und Erfolg in jedem Land und in jeder Kultur entfalten k\u00f6nnen.<\/p>\t\t\t\t\t\t\t\t<\/div>\n\t\t\t\t<\/div>\n\t\t<div class=\"elementor-element elementor-element-ffa0acd e-con-full e-flex e-con e-child\" data-id=\"ffa0acd\" data-element_type=\"container\" data-settings=\"{&quot;background_background&quot;:&quot;classic&quot;}\">\n\t\t\t\t<\/div>\n\t\t\t\t\t<\/div>\n\t\t\t\t<\/div>\n\t\t<div class=\"elementor-element elementor-element-dcefc00 e-flex e-con-boxed e-con e-parent\" data-id=\"dcefc00\" data-element_type=\"container\">\n\t\t\t\t\t<div class=\"e-con-inner\">\n\t\t<div class=\"elementor-element elementor-element-44b1ad2 e-con-full e-flex e-con e-child\" data-id=\"44b1ad2\" data-element_type=\"container\">\n\t\t\t\t<div class=\"elementor-element elementor-element-be400a4 elementor-widget__width-initial elementor-widget elementor-widget-heading\" data-id=\"be400a4\" data-element_type=\"widget\" data-widget_type=\"heading.default\">\n\t\t\t\t\t<p class=\"elementor-heading-title elementor-size-default\">Kontaktieren Sie uns<\/p>\t\t\t\t<\/div>\n\t\t\t\t<\/div>\n\t\t<div class=\"elementor-element elementor-element-2f1987a e-con-full e-flex e-con e-child\" data-id=\"2f1987a\" data-element_type=\"container\">\n\t\t\t\t<div class=\"elementor-element elementor-element-286b94e elementor-button-align-start elementor-mobile-button-align-center elementor-tablet-button-align-center elementor-widget-tablet__width-inherit elementor-widget elementor-widget-form\" data-id=\"286b94e\" data-element_type=\"widget\" data-settings=\"{&quot;button_width&quot;:&quot;50&quot;,&quot;step_next_label&quot;:&quot;Next&quot;,&quot;step_previous_label&quot;:&quot;Previous&quot;,&quot;step_type&quot;:&quot;none&quot;,&quot;step_icon_shape&quot;:&quot;none&quot;,&quot;button_width_tablet&quot;:&quot;100&quot;}\" data-widget_type=\"form.default\">\n\t\t\t\t\t\t\t<form class=\"elementor-form\" method=\"post\" name=\"New Form\" aria-label=\"New Form\">\n\t\t\t<input type=\"hidden\" name=\"post_id\" value=\"3029\"\/>\n\t\t\t<input type=\"hidden\" name=\"form_id\" value=\"286b94e\"\/>\n\t\t\t<input type=\"hidden\" name=\"referer_title\" value=\"Wer wir sind - Lexico Global\" \/>\n\n\t\t\t\t\t\t\t<input type=\"hidden\" name=\"queried_id\" value=\"3029\"\/>\n\t\t\t\n\t\t\t<div class=\"elementor-form-fields-wrapper elementor-labels-\">\n\t\t\t\t\t\t\t\t<div class=\"elementor-field-type-text elementor-field-group elementor-column elementor-field-group-Nombre elementor-col-50 elementor-field-required\">\n\t\t\t\t\t\t\t\t\t\t\t\t<label for=\"form-field-Nombre\" class=\"elementor-field-label elementor-screen-only\">\n\t\t\t\t\t\t\t\tNombre\t\t\t\t\t\t\t<\/label>\n\t\t\t\t\t\t\t\t\t\t\t\t\t\t<input size=\"1\" type=\"text\" name=\"form_fields[Nombre]\" id=\"form-field-Nombre\" class=\"elementor-field elementor-size-sm  elementor-field-textual\" placeholder=\"Nombre\" required=\"required\">\n\t\t\t\t\t\t\t\t\t\t\t<\/div>\n\t\t\t\t\t\t\t\t<div class=\"elementor-field-type-email elementor-field-group elementor-column elementor-field-group-email elementor-col-50 elementor-field-required\">\n\t\t\t\t\t\t\t\t\t\t\t\t<label for=\"form-field-email\" class=\"elementor-field-label elementor-screen-only\">\n\t\t\t\t\t\t\t\tEmail\t\t\t\t\t\t\t<\/label>\n\t\t\t\t\t\t\t\t\t\t\t\t\t\t<input size=\"1\" type=\"email\" name=\"form_fields[email]\" id=\"form-field-email\" class=\"elementor-field elementor-size-sm  elementor-field-textual\" placeholder=\"Email\" required=\"required\">\n\t\t\t\t\t\t\t\t\t\t\t<\/div>\n\t\t\t\t\t\t\t\t<div class=\"elementor-field-type-tel elementor-field-group elementor-column elementor-field-group-Telefono elementor-col-50\">\n\t\t\t\t\t\t\t\t\t\t\t\t<label for=\"form-field-Telefono\" class=\"elementor-field-label elementor-screen-only\">\n\t\t\t\t\t\t\t\tTel\u00e9fono\t\t\t\t\t\t\t<\/label>\n\t\t\t\t\t\t\t\t<input size=\"1\" type=\"tel\" name=\"form_fields[Telefono]\" id=\"form-field-Telefono\" class=\"elementor-field elementor-size-sm  elementor-field-textual\" placeholder=\"Tel\u00e9fono\" pattern=\"[0-9()#&amp;+*-=.]+\" title=\"Nur Nummern oder Telefon-Zeichen (#, -, *, etc) werden akzeptiert.\">\n\n\t\t\t\t\t\t<\/div>\n\t\t\t\t\t\t\t\t<div class=\"elementor-field-type-text elementor-field-group elementor-column elementor-field-group-Idioma elementor-col-50 elementor-field-required\">\n\t\t\t\t\t\t\t\t\t\t\t\t<label for=\"form-field-Idioma\" class=\"elementor-field-label elementor-screen-only\">\n\t\t\t\t\t\t\t\tAsunto\t\t\t\t\t\t\t<\/label>\n\t\t\t\t\t\t\t\t\t\t\t\t\t\t<input size=\"1\" type=\"text\" name=\"form_fields[Idioma]\" id=\"form-field-Idioma\" class=\"elementor-field elementor-size-sm  elementor-field-textual\" placeholder=\"Asunto\" required=\"required\">\n\t\t\t\t\t\t\t\t\t\t\t<\/div>\n\t\t\t\t\t\t\t\t<div class=\"elementor-field-type-textarea elementor-field-group elementor-column elementor-field-group-Mensaje elementor-col-100 elementor-field-required\">\n\t\t\t\t\t\t\t\t\t\t\t\t<label for=\"form-field-Mensaje\" class=\"elementor-field-label elementor-screen-only\">\n\t\t\t\t\t\t\t\tMensaje\t\t\t\t\t\t\t<\/label>\n\t\t\t\t\t\t<textarea class=\"elementor-field-textual elementor-field  elementor-size-sm\" name=\"form_fields[Mensaje]\" id=\"form-field-Mensaje\" rows=\"4\" placeholder=\"Mensaje\" required=\"required\"><\/textarea>\t\t\t\t<\/div>\n\t\t\t\t\t\t\t\t<div class=\"elementor-field-type-acceptance elementor-field-group elementor-column elementor-field-group-field_073bffe elementor-col-100\">\n\t\t\t\t\t\t\t<div class=\"elementor-field-subgroup\">\n\t\t\t<span class=\"elementor-field-option\">\n\t\t\t\t<input type=\"checkbox\" name=\"form_fields[field_073bffe]\" id=\"form-field-field_073bffe\" class=\"elementor-field elementor-size-sm  elementor-acceptance-field\">\n\t\t\t\t<label for=\"form-field-field_073bffe\">He le\u00eddo y acepto la <a href=\"\"><u>Pol\u00edtica de Privacidad<\/u><\/a>, <a href=\"\"><u>Aviso Legal<\/u><\/a> y<a href=\"\"> <u>Cookies<\/u><\/a><\/label>\t\t\t<\/span>\n\t\t<\/div>\n\t\t\t\t\t\t<\/div>\n\t\t\t\t\t\t\t\t<div class=\"elementor-field-group elementor-column elementor-field-type-submit elementor-col-50 e-form__buttons elementor-md-100\">\n\t\t\t\t\t<button class=\"elementor-button elementor-size-sm\" type=\"submit\">\n\t\t\t\t\t\t<span class=\"elementor-button-content-wrapper\">\n\t\t\t\t\t\t\t\t\t\t\t\t\t\t\t\t\t\t\t\t\t\t<span class=\"elementor-button-text\">Cont\u00e1ctanos<\/span>\n\t\t\t\t\t\t\t\t\t\t\t\t\t<\/span>\n\t\t\t\t\t<\/button>\n\t\t\t\t<\/div>\n\t\t\t<\/div>\n\t\t<\/form>\n\t\t\t\t\t\t<\/div>\n\t\t\t\t<\/div>\n\t\t\t\t\t<\/div>\n\t\t\t\t<\/div>\n\t\t\t\t<\/div>\n\t\t","protected":false},"excerpt":{"rendered":"<p>Wer wir sind Wir sind Lexico Bei Lexico glauben wir, dass Recht, Sprachen und Mediation nicht nur technische Werkzeuge sind, sondern Br\u00fccken, die es Menschen, Familien und Unternehmen erm\u00f6glichen, ohne Barrieren zu wachsen. Wir sind ein multidisziplin\u00e4res Team aus Jurist:innen, Mediator:innen, \u00dcbersetzer:innen und Dolmetscher:innen mit internationaler Erfahrung. Unsere Mission ist es, Menschen zu begleiten, die [&hellip;]<\/p>\n","protected":false},"author":1,"featured_media":3016,"parent":0,"menu_order":0,"comment_status":"closed","ping_status":"closed","template":"","meta":{"footnotes":""},"class_list":["post-3029","page","type-page","status-publish","has-post-thumbnail","hentry"],"yoast_head":"<!-- This site is optimized with the Yoast SEO plugin v26.7 - https:\/\/yoast.com\/wordpress\/plugins\/seo\/ -->\n<title>Wer wir sind - Lexico Global<\/title>\n<meta name=\"description\" content=\"Unsere Mission ist es, Menschen zu begleiten, die in einer zunehmend globalisierten Welt mit rechtlichen, sprachlichen oder kulturellen Herausforderungen konfrontiert sind.\" \/>\n<meta name=\"robots\" content=\"index, follow, max-snippet:-1, max-image-preview:large, max-video-preview:-1\" \/>\n<link rel=\"canonical\" href=\"https:\/\/lexicoglobal.com\/de\/wer-wir-sind\/\" \/>\n<meta property=\"og:locale\" content=\"de_DE\" \/>\n<meta property=\"og:type\" content=\"article\" \/>\n<meta property=\"og:title\" content=\"Wer wir sind - Lexico Global\" \/>\n<meta property=\"og:description\" content=\"Unsere Mission ist es, Menschen zu begleiten, die in einer zunehmend globalisierten Welt mit rechtlichen, sprachlichen oder kulturellen Herausforderungen konfrontiert sind.\" \/>\n<meta property=\"og:url\" content=\"https:\/\/lexicoglobal.com\/de\/wer-wir-sind\/\" \/>\n<meta property=\"og:site_name\" content=\"Lexico Global\" \/>\n<meta property=\"article:modified_time\" content=\"2026-01-08T14:38:10+00:00\" \/>\n<meta property=\"og:image\" content=\"https:\/\/lexicoglobal.com\/wp-content\/uploads\/2025\/11\/Quienes-somos.jpg\" \/>\n\t<meta property=\"og:image:width\" content=\"756\" \/>\n\t<meta property=\"og:image:height\" content=\"625\" \/>\n\t<meta property=\"og:image:type\" content=\"image\/jpeg\" \/>\n<meta name=\"twitter:card\" content=\"summary_large_image\" \/>\n<meta name=\"twitter:label1\" content=\"Gesch\u00e4tzte Lesezeit\" \/>\n\t<meta name=\"twitter:data1\" content=\"1\u00a0Minute\" \/>\n<script type=\"application\/ld+json\" class=\"yoast-schema-graph\">{\"@context\":\"https:\/\/schema.org\",\"@graph\":[{\"@type\":\"WebPage\",\"@id\":\"https:\/\/lexicoglobal.com\/de\/wer-wir-sind\/\",\"url\":\"https:\/\/lexicoglobal.com\/de\/wer-wir-sind\/\",\"name\":\"Wer wir sind - Lexico Global\",\"isPartOf\":{\"@id\":\"https:\/\/lexicoglobal.com\/de\/#website\"},\"primaryImageOfPage\":{\"@id\":\"https:\/\/lexicoglobal.com\/de\/wer-wir-sind\/#primaryimage\"},\"image\":{\"@id\":\"https:\/\/lexicoglobal.com\/de\/wer-wir-sind\/#primaryimage\"},\"thumbnailUrl\":\"https:\/\/lexicoglobal.com\/wp-content\/uploads\/2025\/11\/Quienes-somos.jpg\",\"datePublished\":\"2025-11-12T14:03:00+00:00\",\"dateModified\":\"2026-01-08T14:38:10+00:00\",\"description\":\"Unsere Mission ist es, Menschen zu begleiten, die in einer zunehmend globalisierten Welt mit rechtlichen, sprachlichen oder kulturellen Herausforderungen konfrontiert sind.\",\"breadcrumb\":{\"@id\":\"https:\/\/lexicoglobal.com\/de\/wer-wir-sind\/#breadcrumb\"},\"inLanguage\":\"de\",\"potentialAction\":[{\"@type\":\"ReadAction\",\"target\":[\"https:\/\/lexicoglobal.com\/de\/wer-wir-sind\/\"]}]},{\"@type\":\"ImageObject\",\"inLanguage\":\"de\",\"@id\":\"https:\/\/lexicoglobal.com\/de\/wer-wir-sind\/#primaryimage\",\"url\":\"https:\/\/lexicoglobal.com\/wp-content\/uploads\/2025\/11\/Quienes-somos.jpg\",\"contentUrl\":\"https:\/\/lexicoglobal.com\/wp-content\/uploads\/2025\/11\/Quienes-somos.jpg\",\"width\":756,\"height\":625},{\"@type\":\"BreadcrumbList\",\"@id\":\"https:\/\/lexicoglobal.com\/de\/wer-wir-sind\/#breadcrumb\",\"itemListElement\":[{\"@type\":\"ListItem\",\"position\":1,\"name\":\"Portada\",\"item\":\"https:\/\/lexicoglobal.com\/de\/lexico-global\/\"},{\"@type\":\"ListItem\",\"position\":2,\"name\":\"Wer wir sind\"}]},{\"@type\":\"WebSite\",\"@id\":\"https:\/\/lexicoglobal.com\/de\/#website\",\"url\":\"https:\/\/lexicoglobal.com\/de\/\",\"name\":\"www.lexicoglobal.com\",\"description\":\"Traducci\u00f3n, expansi\u00f3n, mediaci\u00f3n y soluciones legales internacionales\",\"publisher\":{\"@id\":\"https:\/\/lexicoglobal.com\/de\/#organization\"},\"alternateName\":\"Lexico Global\",\"potentialAction\":[{\"@type\":\"SearchAction\",\"target\":{\"@type\":\"EntryPoint\",\"urlTemplate\":\"https:\/\/lexicoglobal.com\/de\/?s={search_term_string}\"},\"query-input\":{\"@type\":\"PropertyValueSpecification\",\"valueRequired\":true,\"valueName\":\"search_term_string\"}}],\"inLanguage\":\"de\"},{\"@type\":\"Organization\",\"@id\":\"https:\/\/lexicoglobal.com\/de\/#organization\",\"name\":\"Lexico Global\",\"url\":\"https:\/\/lexicoglobal.com\/de\/\",\"logo\":{\"@type\":\"ImageObject\",\"inLanguage\":\"de\",\"@id\":\"https:\/\/lexicoglobal.com\/de\/#\/schema\/logo\/image\/\",\"url\":\"https:\/\/lexicoglobal.com\/wp-content\/uploads\/2026\/01\/Grupo-2333.png\",\"contentUrl\":\"https:\/\/lexicoglobal.com\/wp-content\/uploads\/2026\/01\/Grupo-2333.png\",\"width\":794,\"height\":235,\"caption\":\"Lexico Global\"},\"image\":{\"@id\":\"https:\/\/lexicoglobal.com\/de\/#\/schema\/logo\/image\/\"}}]}<\/script>\n<!-- \/ Yoast SEO plugin. -->","yoast_head_json":{"title":"Wer wir sind - Lexico Global","description":"Unsere Mission ist es, Menschen zu begleiten, die in einer zunehmend globalisierten Welt mit rechtlichen, sprachlichen oder kulturellen Herausforderungen konfrontiert sind.","robots":{"index":"index","follow":"follow","max-snippet":"max-snippet:-1","max-image-preview":"max-image-preview:large","max-video-preview":"max-video-preview:-1"},"canonical":"https:\/\/lexicoglobal.com\/de\/wer-wir-sind\/","og_locale":"de_DE","og_type":"article","og_title":"Wer wir sind - Lexico Global","og_description":"Unsere Mission ist es, Menschen zu begleiten, die in einer zunehmend globalisierten Welt mit rechtlichen, sprachlichen oder kulturellen Herausforderungen konfrontiert sind.","og_url":"https:\/\/lexicoglobal.com\/de\/wer-wir-sind\/","og_site_name":"Lexico Global","article_modified_time":"2026-01-08T14:38:10+00:00","og_image":[{"width":756,"height":625,"url":"https:\/\/lexicoglobal.com\/wp-content\/uploads\/2025\/11\/Quienes-somos.jpg","type":"image\/jpeg"}],"twitter_card":"summary_large_image","twitter_misc":{"Gesch\u00e4tzte Lesezeit":"1\u00a0Minute"},"schema":{"@context":"https:\/\/schema.org","@graph":[{"@type":"WebPage","@id":"https:\/\/lexicoglobal.com\/de\/wer-wir-sind\/","url":"https:\/\/lexicoglobal.com\/de\/wer-wir-sind\/","name":"Wer wir sind - Lexico Global","isPartOf":{"@id":"https:\/\/lexicoglobal.com\/de\/#website"},"primaryImageOfPage":{"@id":"https:\/\/lexicoglobal.com\/de\/wer-wir-sind\/#primaryimage"},"image":{"@id":"https:\/\/lexicoglobal.com\/de\/wer-wir-sind\/#primaryimage"},"thumbnailUrl":"https:\/\/lexicoglobal.com\/wp-content\/uploads\/2025\/11\/Quienes-somos.jpg","datePublished":"2025-11-12T14:03:00+00:00","dateModified":"2026-01-08T14:38:10+00:00","description":"Unsere Mission ist es, Menschen zu begleiten, die in einer zunehmend globalisierten Welt mit rechtlichen, sprachlichen oder kulturellen Herausforderungen konfrontiert sind.","breadcrumb":{"@id":"https:\/\/lexicoglobal.com\/de\/wer-wir-sind\/#breadcrumb"},"inLanguage":"de","potentialAction":[{"@type":"ReadAction","target":["https:\/\/lexicoglobal.com\/de\/wer-wir-sind\/"]}]},{"@type":"ImageObject","inLanguage":"de","@id":"https:\/\/lexicoglobal.com\/de\/wer-wir-sind\/#primaryimage","url":"https:\/\/lexicoglobal.com\/wp-content\/uploads\/2025\/11\/Quienes-somos.jpg","contentUrl":"https:\/\/lexicoglobal.com\/wp-content\/uploads\/2025\/11\/Quienes-somos.jpg","width":756,"height":625},{"@type":"BreadcrumbList","@id":"https:\/\/lexicoglobal.com\/de\/wer-wir-sind\/#breadcrumb","itemListElement":[{"@type":"ListItem","position":1,"name":"Portada","item":"https:\/\/lexicoglobal.com\/de\/lexico-global\/"},{"@type":"ListItem","position":2,"name":"Wer wir sind"}]},{"@type":"WebSite","@id":"https:\/\/lexicoglobal.com\/de\/#website","url":"https:\/\/lexicoglobal.com\/de\/","name":"www.lexicoglobal.com","description":"Traducci\u00f3n, expansi\u00f3n, mediaci\u00f3n y soluciones legales internacionales","publisher":{"@id":"https:\/\/lexicoglobal.com\/de\/#organization"},"alternateName":"Lexico Global","potentialAction":[{"@type":"SearchAction","target":{"@type":"EntryPoint","urlTemplate":"https:\/\/lexicoglobal.com\/de\/?s={search_term_string}"},"query-input":{"@type":"PropertyValueSpecification","valueRequired":true,"valueName":"search_term_string"}}],"inLanguage":"de"},{"@type":"Organization","@id":"https:\/\/lexicoglobal.com\/de\/#organization","name":"Lexico Global","url":"https:\/\/lexicoglobal.com\/de\/","logo":{"@type":"ImageObject","inLanguage":"de","@id":"https:\/\/lexicoglobal.com\/de\/#\/schema\/logo\/image\/","url":"https:\/\/lexicoglobal.com\/wp-content\/uploads\/2026\/01\/Grupo-2333.png","contentUrl":"https:\/\/lexicoglobal.com\/wp-content\/uploads\/2026\/01\/Grupo-2333.png","width":794,"height":235,"caption":"Lexico Global"},"image":{"@id":"https:\/\/lexicoglobal.com\/de\/#\/schema\/logo\/image\/"}}]}},"_links":{"self":[{"href":"https:\/\/lexicoglobal.com\/de\/wp-json\/wp\/v2\/pages\/3029","targetHints":{"allow":["GET"]}}],"collection":[{"href":"https:\/\/lexicoglobal.com\/de\/wp-json\/wp\/v2\/pages"}],"about":[{"href":"https:\/\/lexicoglobal.com\/de\/wp-json\/wp\/v2\/types\/page"}],"author":[{"embeddable":true,"href":"https:\/\/lexicoglobal.com\/de\/wp-json\/wp\/v2\/users\/1"}],"replies":[{"embeddable":true,"href":"https:\/\/lexicoglobal.com\/de\/wp-json\/wp\/v2\/comments?post=3029"}],"version-history":[{"count":1,"href":"https:\/\/lexicoglobal.com\/de\/wp-json\/wp\/v2\/pages\/3029\/revisions"}],"predecessor-version":[{"id":3030,"href":"https:\/\/lexicoglobal.com\/de\/wp-json\/wp\/v2\/pages\/3029\/revisions\/3030"}],"wp:featuredmedia":[{"embeddable":true,"href":"https:\/\/lexicoglobal.com\/de\/wp-json\/wp\/v2\/media\/3016"}],"wp:attachment":[{"href":"https:\/\/lexicoglobal.com\/de\/wp-json\/wp\/v2\/media?parent=3029"}],"curies":[{"name":"wp","href":"https:\/\/api.w.org\/{rel}","templated":true}]}}