{"id":3088,"date":"2025-11-14T10:49:45","date_gmt":"2025-11-14T10:49:45","guid":{"rendered":"https:\/\/lexicoglobal.com\/?page_id=3088"},"modified":"2026-01-08T15:25:14","modified_gmt":"2026-01-08T15:25:14","slug":"impressum-und-allgemeine-nutzungsbedingungen","status":"publish","type":"page","link":"https:\/\/lexicoglobal.com\/de\/impressum-und-allgemeine-nutzungsbedingungen\/","title":{"rendered":"Impressum und Allgemeine Nutzungsbedingungen"},"content":{"rendered":"<h1>Impressum und Allgemeine Nutzungsbedingungen<\/h1>\n<header><strong>www.lexicoglobal.com<\/strong><\/header>\n<p><strong>I. ALLGEMEINE INFORMATIONEN<\/strong><\/p>\n<p>In Erf\u00fcllung der Informationspflicht gem\u00e4\u00df Gesetz 34\/2002 vom 11. Juli \u00fcber Dienste der Informationsgesellschaft und den elektronischen Gesch\u00e4ftsverkehr (LSSI-CE) werden nachfolgend die allgemeinen Informationen zu dieser Website bereitgestellt:<\/p>\n<p>Die Inhaberschaft dieser Website, www.lexicoglobal.com (nachfolgend die Website), liegt bei: , mit NIF: , und mit folgenden Kontaktdaten:<\/p>\n<p>Die Inhaberschaft dieser Website, www.lexicoglobal.com (nachfolgend die Website), liegt bei: LEXICO GLOBAL, mit der Steuernummer (NIF): B12345678, eingetragen in: , mit folgenden Registerdaten: , vertreten durch: , und mit folgenden Kontaktdaten:<\/p>\n<p>Adresse:<\/p>\n<p>Kontakttelefon:<\/p>\n<p>Fax:<\/p>\n<p>Kontakt-E-Mail:<\/p>\n<p><strong>II. ALLGEMEINE NUTZUNGSBEDINGUNGEN<\/strong><\/p>\n<p><strong>Gegenstand der Bedingungen: Die Website<\/strong><\/p>\n<p>Gegenstand dieser Allgemeinen Nutzungsbedingungen (nachfolgend die Bedingungen) ist die Regelung des Zugangs und der Nutzung der Website. Im Sinne dieser Bedingungen versteht man unter Website: das \u00e4u\u00dfere Erscheinungsbild der Bildschirmoberfl\u00e4chen, sowohl statisch als auch dynamisch, d. h. die Navigationsstruktur; sowie s\u00e4mtliche Elemente, die sowohl in den Bildschirmoberfl\u00e4chen als auch in der Navigationsstruktur integriert sind (nachfolgend Inhalte), und alle Online-Dienste oder -Ressourcen, die den Nutzern gegebenenfalls angeboten werden (nachfolgend Dienste).<\/p>\n<p>Lexico Global beh\u00e4lt sich das Recht vor, jederzeit und ohne vorherige Ank\u00fcndigung die Darstellung und Konfiguration der Website sowie der darin enthaltenen Inhalte und Dienste zu \u00e4ndern. Der Nutzer erkennt an und akzeptiert, dass Lexico Global jederzeit einzelne dieser Elemente oder den Zugang zu ihnen unterbrechen, deaktivieren und\/oder aufheben kann.<\/p>\n<p>Der Zugang zur Website ist f\u00fcr den Nutzer grunds\u00e4tzlich frei und kostenlos, ohne dass hierf\u00fcr eine Gegenleistung erforderlich ist, mit Ausnahme der Kosten f\u00fcr die Internetverbindung \u00fcber das vom Nutzer beauftragte Telekommunikationsnetz.<\/p>\n<p>Unabh\u00e4ngig von den Verbindungskosten k\u00f6nnen einige der von Lexico Global oder gegebenenfalls von Dritten \u00fcber die Website angebotenen Inhalte oder Dienste einer vorherigen vertraglichen Vereinbarung unterliegen. In diesem Fall werden die entsprechenden Allgemeinen oder Besonderen Bedingungen klar angegeben und\/oder dem Nutzer zur Verf\u00fcgung gestellt.<\/p>\n<p>Die Nutzung bestimmter Inhalte oder Dienste der Website kann eine vorherige Registrierung des Nutzers erfordern.<\/p>\n<p>Die Nutzung der Inhalte erfordert keine vorherige Registrierung.<\/p>\n<p><strong>Der Nutzer<\/strong><\/p>\n<p>Der Zugang, das Browsen und die Nutzung der Website sowie der f\u00fcr die Interaktion zwischen den Nutzern und zwischen dem Nutzer und Lexico Global vorgesehenen Bereiche, wie Kommentare und\/oder Blogging-Bereiche, verleihen die Eigenschaft eines Nutzers und bedeuten die Annahme aller hier festgelegten Bedingungen sowie ihrer sp\u00e4teren \u00c4nderungen, unbeschadet der Anwendung zwingender gesetzlicher Vorschriften. Aufgrund der Bedeutung des Vorstehenden wird dem Nutzer empfohlen, diese Bedingungen bei jedem Besuch der Website zu lesen.<\/p>\n<p>Die Website von Lexico Global bietet eine gro\u00dfe Vielfalt an Informationen, Diensten und Daten. Der Nutzer \u00fcbernimmt die Verantwortung f\u00fcr eine ordnungsgem\u00e4\u00dfe Nutzung der Website. Diese Verantwortung erstreckt sich insbesondere auf:<\/p>\n<ul>\n<li>Eine Nutzung der von Lexico Global angebotenen Informationen, Inhalte und\/oder Dienste im Einklang mit diesen Bedingungen, dem Gesetz, der Moral und der \u00f6ffentlichen Ordnung sowie ohne Beeintr\u00e4chtigung der Rechte Dritter oder der Funktionsf\u00e4higkeit der Website.<\/li>\n<li>Die Richtigkeit und Rechtm\u00e4\u00dfigkeit der vom Nutzer in den von Lexico Global bereitgestellten Formularen gemachten Angaben zum Zugang zu bestimmten Inhalten oder Diensten. In jedem Fall hat der Nutzer Lexico Global unverz\u00fcglich \u00fcber jede Tatsache zu informieren, die eine missbr\u00e4uchliche Nutzung der registrierten Informationen erm\u00f6glicht, wie z. B. Diebstahl, Verlust oder unbefugten Zugriff auf Kennungen und\/oder Passw\u00f6rter, um deren sofortige Sperrung zu veranlassen.<\/li>\n<\/ul>\n<p>Lexico Global beh\u00e4lt sich das Recht vor, alle Kommentare und Beitr\u00e4ge zu entfernen, die gegen das Gesetz versto\u00dfen, die Menschenw\u00fcrde verletzen, diskriminierend, fremdenfeindlich, rassistisch, pornografisch sind, Spam darstellen, die Jugend oder Kindheit, die \u00f6ffentliche Ordnung oder Sicherheit beeintr\u00e4chtigen oder die nach eigenem Ermessen nicht f\u00fcr eine Ver\u00f6ffentlichung geeignet sind.<\/p>\n<p>In jedem Fall haftet Lexico Global nicht f\u00fcr die von den Nutzern \u00fcber Kommentare oder andere Blogging- oder Beteiligungswerkzeuge ge\u00e4u\u00dferten Meinungen.<\/p>\n<p>Der blo\u00dfe Zugriff auf diese Website begr\u00fcndet keinerlei kommerzielle Beziehung zwischen Lexico Global und dem Nutzer.<\/p>\n<p>Der Nutzer erkl\u00e4rt, vollj\u00e4hrig zu sein und \u00fcber die erforderliche Rechtsf\u00e4higkeit zu verf\u00fcgen, um an diese Bedingungen gebunden zu sein. Daher richtet sich diese Website von Lexico Global nicht an Minderj\u00e4hrige. Lexico Global lehnt jede Verantwortung bei Nichteinhaltung dieser Voraussetzung ab.<\/p>\n<p>Unter Einhaltung der geltenden Gesetzgebung richtet sich diese Website von Lexico Global an alle Personen unabh\u00e4ngig von ihrem Alter, die auf die Seiten der Website zugreifen und\/oder darin navigieren k\u00f6nnen.<\/p>\n<p>Die Website richtet sich haupts\u00e4chlich an Nutzer mit Wohnsitz in Spanien. Lexico Global \u00fcbernimmt keine Gew\u00e4hr daf\u00fcr, dass die Website den Rechtsvorschriften anderer L\u00e4nder vollst\u00e4ndig oder teilweise entspricht. Wenn der Nutzer in einem anderen Land wohnt oder dort ans\u00e4ssig ist und sich entscheidet, auf die Website zuzugreifen und\/oder darin zu navigieren, tut er dies auf eigene Verantwortung und muss sicherstellen, dass dieser Zugriff den lokal geltenden Vorschriften entspricht; Lexico Global \u00fcbernimmt hierf\u00fcr keinerlei Haftung.<\/p>\n<p><strong>III. ZUGANG UND NAVIGATION AUF DER WEBSITE: AUSSCHLUSS VON GARANTIEN UND HAFTUNG<\/strong><\/p>\n<p>Lexico Global garantiert weder die Kontinuit\u00e4t noch die Verf\u00fcgbarkeit oder N\u00fctzlichkeit der Website sowie der Inhalte oder Dienste. Lexico Global wird sich um einen ordnungsgem\u00e4\u00dfen Betrieb der Website bem\u00fchen, \u00fcbernimmt jedoch keine Garantie f\u00fcr einen unterbrechungsfreien oder fehlerfreien Zugang.<\/p>\n<p>Ebenso \u00fcbernimmt Lexico Global keine Garantie daf\u00fcr, dass die \u00fcber diese Website zug\u00e4nglichen Inhalte oder Software fehlerfrei sind oder Sch\u00e4den am Computersystem (Software und Hardware) des Nutzers verursachen. In keinem Fall haftet Lexico Global f\u00fcr Verluste, Sch\u00e4den oder Nachteile jeglicher Art, die sich aus dem Zugriff, der Navigation oder der Nutzung der Website ergeben, einschlie\u00dflich \u2013 aber nicht beschr\u00e4nkt auf \u2013 Sch\u00e4den an Computersystemen oder durch die Einschleusung von Viren.<\/p>\n<p>Lexico Global haftet auch nicht f\u00fcr Sch\u00e4den, die den Nutzern durch eine unsachgem\u00e4\u00dfe Nutzung der Website entstehen k\u00f6nnten, insbesondere nicht f\u00fcr Ausf\u00e4lle, Unterbrechungen oder M\u00e4ngel der Telekommunikation.<\/p>\n<p><strong>IV. LINKPOLITIK<\/strong><\/p>\n<p>Es wird darauf hingewiesen, dass die Website von Lexico Global den Nutzern gegebenenfalls Verlinkungen (wie unter anderem Links, Banner oder Schaltfl\u00e4chen), Verzeichnisse und Suchmaschinen zur Verf\u00fcgung stellt, die den Zugang zu Websites Dritter erm\u00f6glichen, die nicht von Lexico Global betrieben werden.<\/p>\n<p>Die Einrichtung dieser Links, Verzeichnisse und Suchmaschinen dient ausschlie\u00dflich dazu, den Nutzern den Zugang zu im Internet verf\u00fcgbaren Informationen zu erleichtern, und stellt weder eine Empfehlung noch eine Einladung zum Besuch dieser Seiten dar.<\/p>\n<p>Lexico Global bietet oder vermarktet weder direkt noch \u00fcber Dritte die auf den verlinkten Seiten verf\u00fcgbaren Produkte und\/oder Dienstleistungen.<\/p>\n<p>Lexico Global stellt gesponserte Inhalte, Werbung und\/oder Affiliate-Links bereit. Die in diesen Anzeigen oder Links enthaltenen Informationen werden von den jeweiligen Werbetreibenden bereitgestellt; daher \u00fcbernimmt Lexico Global keine Verantwortung f\u00fcr m\u00f6gliche Ungenauigkeiten oder Fehler und garantiert weder die Erfahrung noch die Integrit\u00e4t oder Verantwortung der Werbetreibenden oder die Qualit\u00e4t ihrer Produkte und\/oder Dienstleistungen.<\/p>\n<p>Ebenso \u00fcbernimmt Lexico Global keine Gew\u00e4hr f\u00fcr die technische Verf\u00fcgbarkeit, Richtigkeit, Wahrhaftigkeit, G\u00fcltigkeit oder Rechtm\u00e4\u00dfigkeit von Websites Dritter, auf die \u00fcber Links zugegriffen werden kann.<\/p>\n<p>Lexico Global \u00fcberpr\u00fcft oder kontrolliert weder den Inhalt anderer Websites noch billigt, pr\u00fcft oder macht sich deren Produkte, Dienstleistungen, Inhalte oder sonstige Materialien zu eigen.<\/p>\n<p>Lexico Global \u00fcbernimmt keinerlei Verantwortung f\u00fcr Sch\u00e4den, die sich aus dem Zugriff, der Nutzung, der Qualit\u00e4t oder der Rechtm\u00e4\u00dfigkeit der Inhalte, Mitteilungen, Meinungen, Produkte und Dienstleistungen von Websites Dritter ergeben, die auf dieser Website verlinkt sind.<\/p>\n<p>Der Nutzer oder Dritte, die einen Hyperlink von einer anderen Website zur Website von Lexico Global setzen, m\u00fcssen wissen, dass:<\/p>\n<ul>\n<li>Eine vollst\u00e4ndige oder teilweise Vervielf\u00e4ltigung der Inhalte und\/oder Dienste der Website ohne ausdr\u00fcckliche Genehmigung von Lexico Global nicht gestattet ist.<\/li>\n<li>Falsche, ungenaue oder unzutreffende Angaben \u00fcber die Website von Lexico Global oder deren Inhalte und\/oder Dienste nicht zul\u00e4ssig sind.<\/li>\n<li>Mit Ausnahme des Hyperlinks darf die Website, auf der der Link eingerichtet wird, keine durch das spanische Recht zum Schutz des geistigen Eigentums gesch\u00fctzten Elemente dieser Website enthalten, es sei denn mit ausdr\u00fccklicher Genehmigung von Lexico Global.<\/li>\n<\/ul>\n<p>Die Einrichtung eines Hyperlinks begr\u00fcndet weder eine Beziehung zwischen Lexico Global und dem Inhaber der Website, von der aus der Link gesetzt wird, noch eine Kenntnis oder Zustimmung von Lexico Global zu den dort angebotenen Inhalten, Diensten oder Aktivit\u00e4ten, und umgekehrt.<\/p>\n<p><strong>V. GEISTIGES UND GEWERBLICHES EIGENTUM<\/strong><\/p>\n<p>Lexico Global ist selbst oder als Rechtsnachfolger Inhaber s\u00e4mtlicher Rechte am geistigen und gewerblichen Eigentum der Website sowie der darin enthaltenen Elemente (unter anderem Bilder, Ton, Video, Software, Texte, Marken, Logos, Struktur und Design usw.). Diese sind durch die spanische, europ\u00e4ische und internationale Gesetzgebung zum Schutz des geistigen Eigentums gesch\u00fctzt.<\/p>\n<p>Alle Rechte vorbehalten. Gem\u00e4\u00df dem Gesetz \u00fcber das geistige Eigentum sind die Vervielf\u00e4ltigung, Verbreitung und \u00f6ffentliche Wiedergabe, einschlie\u00dflich der Bereitstellung, der gesamten oder eines Teils der Inhalte dieser Website zu kommerziellen Zwecken ohne Genehmigung von Lexico Global ausdr\u00fccklich untersagt.<\/p>\n<p>Der Nutzer verpflichtet sich, die Rechte am geistigen und gewerblichen Eigentum von Lexico Global zu respektieren. Er darf die Elemente der Website ausschlie\u00dflich f\u00fcr den pers\u00f6nlichen Gebrauch ansehen, ausdrucken, kopieren und speichern. Der Nutzer darf jedoch keine Schutz- oder Sicherheitseinrichtungen der Website entfernen, ver\u00e4ndern oder manipulieren.<\/p>\n<p>Falls der Nutzer oder ein Dritter der Ansicht ist, dass einer der Inhalte der Website eine Verletzung von Rechten des geistigen Eigentums darstellt, ist Lexico Global unverz\u00fcglich \u00fcber die in Abschnitt ALLGEMEINE INFORMATIONEN angegebenen Kontaktdaten zu informieren.<\/p>\n<p><strong>VI. RECHTLICHE MASSNAHMEN, ANWENDBARES RECHT UND GERICHTSSTAND<\/strong><\/p>\n<p>Lexico Global beh\u00e4lt sich das Recht vor, die zivil- oder strafrechtlichen Ma\u00dfnahmen zu ergreifen, die es f\u00fcr erforderlich h\u00e4lt, wenn die Website oder deren Inhalte missbr\u00e4uchlich genutzt werden oder gegen diese Bedingungen versto\u00dfen wird.<\/p>\n<p>Die Beziehung zwischen dem Nutzer und Lexico Global unterliegt dem geltenden spanischen Recht. Bei Streitigkeiten \u00fcber die Auslegung und\/oder Anwendung dieser Bedingungen unterwerfen sich die Parteien der ordentlichen Gerichtsbarkeit der zust\u00e4ndigen Gerichte gem\u00e4\u00df dem anwendbaren Recht.<\/p>\n<p>Dieses Dokument \u201eImpressum und Allgemeine Nutzungsbedingungen\u201c der Website wurde mithilfe des <a href=\"https:\/\/textos-legales.edgartamarit.com\/\">Online-Generators f\u00fcr Impressum und Nutzungsbedingungen<\/a> am 14.11.2025 erstellt.<\/p>\n","protected":false},"excerpt":{"rendered":"<p>Impressum und Allgemeine Nutzungsbedingungen www.lexicoglobal.com I. ALLGEMEINE INFORMATIONEN In Erf\u00fcllung der Informationspflicht gem\u00e4\u00df Gesetz 34\/2002 vom 11. Juli \u00fcber Dienste der Informationsgesellschaft und den elektronischen Gesch\u00e4ftsverkehr (LSSI-CE) werden nachfolgend die allgemeinen Informationen zu dieser Website bereitgestellt: Die Inhaberschaft dieser Website, www.lexicoglobal.com (nachfolgend die Website), liegt bei: , mit NIF: , und mit folgenden Kontaktdaten: Die [&hellip;]<\/p>\n","protected":false},"author":1,"featured_media":0,"parent":0,"menu_order":0,"comment_status":"closed","ping_status":"closed","template":"","meta":{"footnotes":""},"class_list":["post-3088","page","type-page","status-publish","hentry"],"yoast_head":"<!-- This site is optimized with the Yoast SEO plugin v26.7 - https:\/\/yoast.com\/wordpress\/plugins\/seo\/ -->\n<title>Impressum und Allgemeine Nutzungsbedingungen - Lexico Global<\/title>\n<meta name=\"robots\" content=\"index, follow, max-snippet:-1, max-image-preview:large, max-video-preview:-1\" \/>\n<link rel=\"canonical\" href=\"https:\/\/lexicoglobal.com\/de\/impressum-und-allgemeine-nutzungsbedingungen\/\" \/>\n<meta property=\"og:locale\" content=\"de_DE\" \/>\n<meta property=\"og:type\" content=\"article\" \/>\n<meta property=\"og:title\" content=\"Impressum und Allgemeine Nutzungsbedingungen - Lexico Global\" \/>\n<meta property=\"og:description\" content=\"Impressum und Allgemeine Nutzungsbedingungen www.lexicoglobal.com I. ALLGEMEINE INFORMATIONEN In Erf\u00fcllung der Informationspflicht gem\u00e4\u00df Gesetz 34\/2002 vom 11. Juli \u00fcber Dienste der Informationsgesellschaft und den elektronischen Gesch\u00e4ftsverkehr (LSSI-CE) werden nachfolgend die allgemeinen Informationen zu dieser Website bereitgestellt: Die Inhaberschaft dieser Website, www.lexicoglobal.com (nachfolgend die Website), liegt bei: , mit NIF: , und mit folgenden Kontaktdaten: Die [&hellip;]\" \/>\n<meta property=\"og:url\" content=\"https:\/\/lexicoglobal.com\/de\/impressum-und-allgemeine-nutzungsbedingungen\/\" \/>\n<meta property=\"og:site_name\" content=\"Lexico Global\" \/>\n<meta property=\"article:modified_time\" content=\"2026-01-08T15:25:14+00:00\" \/>\n<meta name=\"twitter:card\" content=\"summary_large_image\" \/>\n<script type=\"application\/ld+json\" class=\"yoast-schema-graph\">{\"@context\":\"https:\/\/schema.org\",\"@graph\":[{\"@type\":\"WebPage\",\"@id\":\"https:\/\/lexicoglobal.com\/de\/impressum-und-allgemeine-nutzungsbedingungen\/\",\"url\":\"https:\/\/lexicoglobal.com\/de\/impressum-und-allgemeine-nutzungsbedingungen\/\",\"name\":\"Impressum und Allgemeine Nutzungsbedingungen - Lexico Global\",\"isPartOf\":{\"@id\":\"https:\/\/lexicoglobal.com\/de\/#website\"},\"datePublished\":\"2025-11-14T10:49:45+00:00\",\"dateModified\":\"2026-01-08T15:25:14+00:00\",\"breadcrumb\":{\"@id\":\"https:\/\/lexicoglobal.com\/de\/impressum-und-allgemeine-nutzungsbedingungen\/#breadcrumb\"},\"inLanguage\":\"de\",\"potentialAction\":[{\"@type\":\"ReadAction\",\"target\":[\"https:\/\/lexicoglobal.com\/de\/impressum-und-allgemeine-nutzungsbedingungen\/\"]}]},{\"@type\":\"BreadcrumbList\",\"@id\":\"https:\/\/lexicoglobal.com\/de\/impressum-und-allgemeine-nutzungsbedingungen\/#breadcrumb\",\"itemListElement\":[{\"@type\":\"ListItem\",\"position\":1,\"name\":\"Portada\",\"item\":\"https:\/\/lexicoglobal.com\/de\/lexico-global\/\"},{\"@type\":\"ListItem\",\"position\":2,\"name\":\"Impressum und Allgemeine Nutzungsbedingungen\"}]},{\"@type\":\"WebSite\",\"@id\":\"https:\/\/lexicoglobal.com\/de\/#website\",\"url\":\"https:\/\/lexicoglobal.com\/de\/\",\"name\":\"www.lexicoglobal.com\",\"description\":\"Traducci\u00f3n, expansi\u00f3n, mediaci\u00f3n y soluciones legales internacionales\",\"publisher\":{\"@id\":\"https:\/\/lexicoglobal.com\/de\/#organization\"},\"alternateName\":\"Lexico Global\",\"potentialAction\":[{\"@type\":\"SearchAction\",\"target\":{\"@type\":\"EntryPoint\",\"urlTemplate\":\"https:\/\/lexicoglobal.com\/de\/?s={search_term_string}\"},\"query-input\":{\"@type\":\"PropertyValueSpecification\",\"valueRequired\":true,\"valueName\":\"search_term_string\"}}],\"inLanguage\":\"de\"},{\"@type\":\"Organization\",\"@id\":\"https:\/\/lexicoglobal.com\/de\/#organization\",\"name\":\"Lexico Global\",\"url\":\"https:\/\/lexicoglobal.com\/de\/\",\"logo\":{\"@type\":\"ImageObject\",\"inLanguage\":\"de\",\"@id\":\"https:\/\/lexicoglobal.com\/de\/#\/schema\/logo\/image\/\",\"url\":\"https:\/\/lexicoglobal.com\/wp-content\/uploads\/2026\/01\/Grupo-2333.png\",\"contentUrl\":\"https:\/\/lexicoglobal.com\/wp-content\/uploads\/2026\/01\/Grupo-2333.png\",\"width\":794,\"height\":235,\"caption\":\"Lexico Global\"},\"image\":{\"@id\":\"https:\/\/lexicoglobal.com\/de\/#\/schema\/logo\/image\/\"}}]}<\/script>\n<!-- \/ Yoast SEO plugin. -->","yoast_head_json":{"title":"Impressum und Allgemeine Nutzungsbedingungen - Lexico Global","robots":{"index":"index","follow":"follow","max-snippet":"max-snippet:-1","max-image-preview":"max-image-preview:large","max-video-preview":"max-video-preview:-1"},"canonical":"https:\/\/lexicoglobal.com\/de\/impressum-und-allgemeine-nutzungsbedingungen\/","og_locale":"de_DE","og_type":"article","og_title":"Impressum und Allgemeine Nutzungsbedingungen - Lexico Global","og_description":"Impressum und Allgemeine Nutzungsbedingungen www.lexicoglobal.com I. ALLGEMEINE INFORMATIONEN In Erf\u00fcllung der Informationspflicht gem\u00e4\u00df Gesetz 34\/2002 vom 11. Juli \u00fcber Dienste der Informationsgesellschaft und den elektronischen Gesch\u00e4ftsverkehr (LSSI-CE) werden nachfolgend die allgemeinen Informationen zu dieser Website bereitgestellt: Die Inhaberschaft dieser Website, www.lexicoglobal.com (nachfolgend die Website), liegt bei: , mit NIF: , und mit folgenden Kontaktdaten: Die [&hellip;]","og_url":"https:\/\/lexicoglobal.com\/de\/impressum-und-allgemeine-nutzungsbedingungen\/","og_site_name":"Lexico Global","article_modified_time":"2026-01-08T15:25:14+00:00","twitter_card":"summary_large_image","schema":{"@context":"https:\/\/schema.org","@graph":[{"@type":"WebPage","@id":"https:\/\/lexicoglobal.com\/de\/impressum-und-allgemeine-nutzungsbedingungen\/","url":"https:\/\/lexicoglobal.com\/de\/impressum-und-allgemeine-nutzungsbedingungen\/","name":"Impressum und Allgemeine Nutzungsbedingungen - Lexico Global","isPartOf":{"@id":"https:\/\/lexicoglobal.com\/de\/#website"},"datePublished":"2025-11-14T10:49:45+00:00","dateModified":"2026-01-08T15:25:14+00:00","breadcrumb":{"@id":"https:\/\/lexicoglobal.com\/de\/impressum-und-allgemeine-nutzungsbedingungen\/#breadcrumb"},"inLanguage":"de","potentialAction":[{"@type":"ReadAction","target":["https:\/\/lexicoglobal.com\/de\/impressum-und-allgemeine-nutzungsbedingungen\/"]}]},{"@type":"BreadcrumbList","@id":"https:\/\/lexicoglobal.com\/de\/impressum-und-allgemeine-nutzungsbedingungen\/#breadcrumb","itemListElement":[{"@type":"ListItem","position":1,"name":"Portada","item":"https:\/\/lexicoglobal.com\/de\/lexico-global\/"},{"@type":"ListItem","position":2,"name":"Impressum und Allgemeine Nutzungsbedingungen"}]},{"@type":"WebSite","@id":"https:\/\/lexicoglobal.com\/de\/#website","url":"https:\/\/lexicoglobal.com\/de\/","name":"www.lexicoglobal.com","description":"Traducci\u00f3n, expansi\u00f3n, mediaci\u00f3n y soluciones legales internacionales","publisher":{"@id":"https:\/\/lexicoglobal.com\/de\/#organization"},"alternateName":"Lexico Global","potentialAction":[{"@type":"SearchAction","target":{"@type":"EntryPoint","urlTemplate":"https:\/\/lexicoglobal.com\/de\/?s={search_term_string}"},"query-input":{"@type":"PropertyValueSpecification","valueRequired":true,"valueName":"search_term_string"}}],"inLanguage":"de"},{"@type":"Organization","@id":"https:\/\/lexicoglobal.com\/de\/#organization","name":"Lexico Global","url":"https:\/\/lexicoglobal.com\/de\/","logo":{"@type":"ImageObject","inLanguage":"de","@id":"https:\/\/lexicoglobal.com\/de\/#\/schema\/logo\/image\/","url":"https:\/\/lexicoglobal.com\/wp-content\/uploads\/2026\/01\/Grupo-2333.png","contentUrl":"https:\/\/lexicoglobal.com\/wp-content\/uploads\/2026\/01\/Grupo-2333.png","width":794,"height":235,"caption":"Lexico Global"},"image":{"@id":"https:\/\/lexicoglobal.com\/de\/#\/schema\/logo\/image\/"}}]}},"_links":{"self":[{"href":"https:\/\/lexicoglobal.com\/de\/wp-json\/wp\/v2\/pages\/3088","targetHints":{"allow":["GET"]}}],"collection":[{"href":"https:\/\/lexicoglobal.com\/de\/wp-json\/wp\/v2\/pages"}],"about":[{"href":"https:\/\/lexicoglobal.com\/de\/wp-json\/wp\/v2\/types\/page"}],"author":[{"embeddable":true,"href":"https:\/\/lexicoglobal.com\/de\/wp-json\/wp\/v2\/users\/1"}],"replies":[{"embeddable":true,"href":"https:\/\/lexicoglobal.com\/de\/wp-json\/wp\/v2\/comments?post=3088"}],"version-history":[{"count":1,"href":"https:\/\/lexicoglobal.com\/de\/wp-json\/wp\/v2\/pages\/3088\/revisions"}],"predecessor-version":[{"id":3089,"href":"https:\/\/lexicoglobal.com\/de\/wp-json\/wp\/v2\/pages\/3088\/revisions\/3089"}],"wp:attachment":[{"href":"https:\/\/lexicoglobal.com\/de\/wp-json\/wp\/v2\/media?parent=3088"}],"curies":[{"name":"wp","href":"https:\/\/api.w.org\/{rel}","templated":true}]}}