{"id":3011,"date":"2025-11-12T14:03:00","date_gmt":"2025-11-12T14:03:00","guid":{"rendered":"https:\/\/lexicoglobal.com\/who-we-are\/"},"modified":"2026-01-08T14:22:30","modified_gmt":"2026-01-08T14:22:30","slug":"who-we-are","status":"publish","type":"page","link":"https:\/\/lexicoglobal.com\/en\/who-we-are\/","title":{"rendered":"Who We Are"},"content":{"rendered":"\t\t<div data-elementor-type=\"wp-page\" data-elementor-id=\"3011\" class=\"elementor elementor-3011 elementor-210\" data-elementor-post-type=\"page\">\n\t\t\t\t<div class=\"elementor-element elementor-element-96b44cd e-flex e-con-boxed e-con e-parent\" data-id=\"96b44cd\" data-element_type=\"container\" data-settings=\"{&quot;background_background&quot;:&quot;classic&quot;}\">\n\t\t\t\t\t<div class=\"e-con-inner\">\n\t\t\t\t<div class=\"elementor-element elementor-element-9e8649d elementor-widget__width-initial elementor-widget-mobile__width-initial elementor-widget elementor-widget-heading\" data-id=\"9e8649d\" data-element_type=\"widget\" data-widget_type=\"heading.default\">\n\t\t\t\t\t<h1 class=\"elementor-heading-title elementor-size-default\">Who We Are<\/h1>\t\t\t\t<\/div>\n\t\t\t\t\t<\/div>\n\t\t\t\t<\/div>\n\t\t<div class=\"elementor-element elementor-element-819203a e-flex e-con-boxed e-con e-parent\" data-id=\"819203a\" data-element_type=\"container\">\n\t\t\t\t\t<div class=\"e-con-inner\">\n\t\t<div class=\"elementor-element elementor-element-110a1d1 e-con-full e-flex e-con e-child\" data-id=\"110a1d1\" data-element_type=\"container\">\n\t\t\t\t<div class=\"elementor-element elementor-element-83f182c elementor-widget elementor-widget-heading\" data-id=\"83f182c\" data-element_type=\"widget\" data-widget_type=\"heading.default\">\n\t\t\t\t\t<h2 class=\"elementor-heading-title elementor-size-default\">We are Lexico<\/h2>\t\t\t\t<\/div>\n\t\t\t\t<div class=\"elementor-element elementor-element-ad69de0 elementor-widget elementor-widget-text-editor\" data-id=\"ad69de0\" data-element_type=\"widget\" data-widget_type=\"text-editor.default\">\n\t\t\t\t\t\t\t\t\t<p>At <strong>Lexico<\/strong>, we believe that law, mediation and languages are not just technical tools \u2014 they are bridges that allow people, families, and businesses to grow without barriers.<\/p><p>We are a multidisciplinary team of lawyers, mediators, translators and interpreters with international experience. Our mission is to support those facing legal, linguistic, or cultural challenges in an increasingly globalized world \u2014 always offering solutions that are clear, tailored, and culturally sensitive. <\/p><p>Our 360\u00b0 Approach<\/p>\t\t\t\t\t\t\t\t<\/div>\n\t\t\t\t<div class=\"elementor-element elementor-element-eeafbf0 elementor-widget elementor-widget-text-editor\" data-id=\"eeafbf0\" data-element_type=\"widget\" data-widget_type=\"text-editor.default\">\n\t\t\t\t\t\t\t\t\t<ul><li>Legal \u2013 We provide guidance and support so you feel confident in any legal process or dispute.<\/li><li><strong>Linguistic<\/strong> \u2013 We ensure your message is communicated clearly and accurately across languages. <\/li><li><strong>Intercultural<\/strong> \u2013 We help turn cultural differences into strengths, not obstacles.<\/li><\/ul>\t\t\t\t\t\t\t\t<\/div>\n\t\t\t\t<div class=\"elementor-element elementor-element-07e1bf7 elementor-widget elementor-widget-text-editor\" data-id=\"07e1bf7\" data-element_type=\"widget\" data-widget_type=\"text-editor.default\">\n\t\t\t\t\t\t\t\t\t<p>What sets us apart is our human and personalized approach. We don\u2019t apply templates or one-size-fits-all answers \u2014 we listen to your story, understand your context, and design a plan that fits your needs. Confidentiality, transparency, and quality are the foundations of everything we do.  <\/p><p>We work with individuals, professionals, small and medium-sized businesses, NGOs, and migrants, adapting to each situation with sensitivity and respect.<\/p><p>At <strong>Lexico<\/strong>, we don\u2019t just solve problems \u2014 we open paths for your project, family, or personal life to grow with security, trust, and success, wherever you are in the world.<\/p>\t\t\t\t\t\t\t\t<\/div>\n\t\t\t\t<\/div>\n\t\t<div class=\"elementor-element elementor-element-ffa0acd e-con-full e-flex e-con e-child\" data-id=\"ffa0acd\" data-element_type=\"container\" data-settings=\"{&quot;background_background&quot;:&quot;classic&quot;}\">\n\t\t\t\t<\/div>\n\t\t\t\t\t<\/div>\n\t\t\t\t<\/div>\n\t\t<div class=\"elementor-element elementor-element-dcefc00 e-flex e-con-boxed e-con e-parent\" data-id=\"dcefc00\" data-element_type=\"container\">\n\t\t\t\t\t<div class=\"e-con-inner\">\n\t\t<div class=\"elementor-element elementor-element-44b1ad2 e-con-full e-flex e-con e-child\" data-id=\"44b1ad2\" data-element_type=\"container\">\n\t\t\t\t<div class=\"elementor-element elementor-element-be400a4 elementor-widget__width-initial elementor-widget elementor-widget-heading\" data-id=\"be400a4\" data-element_type=\"widget\" data-widget_type=\"heading.default\">\n\t\t\t\t\t<p class=\"elementor-heading-title elementor-size-default\">Contact<\/p>\t\t\t\t<\/div>\n\t\t\t\t<\/div>\n\t\t<div class=\"elementor-element elementor-element-2f1987a e-con-full e-flex e-con e-child\" data-id=\"2f1987a\" data-element_type=\"container\">\n\t\t\t\t<div class=\"elementor-element elementor-element-286b94e elementor-button-align-start elementor-mobile-button-align-center elementor-tablet-button-align-center elementor-widget-tablet__width-inherit elementor-widget elementor-widget-form\" data-id=\"286b94e\" data-element_type=\"widget\" data-settings=\"{&quot;button_width&quot;:&quot;50&quot;,&quot;step_next_label&quot;:&quot;Next&quot;,&quot;step_previous_label&quot;:&quot;Previous&quot;,&quot;step_type&quot;:&quot;none&quot;,&quot;step_icon_shape&quot;:&quot;none&quot;,&quot;button_width_tablet&quot;:&quot;100&quot;}\" data-widget_type=\"form.default\">\n\t\t\t\t\t\t\t<form class=\"elementor-form\" method=\"post\" name=\"New Form\" aria-label=\"New Form\">\n\t\t\t<input type=\"hidden\" name=\"post_id\" value=\"3011\"\/>\n\t\t\t<input type=\"hidden\" name=\"form_id\" value=\"286b94e\"\/>\n\t\t\t<input type=\"hidden\" name=\"referer_title\" value=\"Who We Are - Lexico Global\" \/>\n\n\t\t\t\t\t\t\t<input type=\"hidden\" name=\"queried_id\" value=\"3011\"\/>\n\t\t\t\n\t\t\t<div class=\"elementor-form-fields-wrapper elementor-labels-\">\n\t\t\t\t\t\t\t\t<div class=\"elementor-field-type-text elementor-field-group elementor-column elementor-field-group-Nombre elementor-col-50 elementor-field-required\">\n\t\t\t\t\t\t\t\t\t\t\t\t<label for=\"form-field-Nombre\" class=\"elementor-field-label elementor-screen-only\">\n\t\t\t\t\t\t\t\tNombre\t\t\t\t\t\t\t<\/label>\n\t\t\t\t\t\t\t\t\t\t\t\t\t\t<input size=\"1\" type=\"text\" name=\"form_fields[Nombre]\" id=\"form-field-Nombre\" class=\"elementor-field elementor-size-sm  elementor-field-textual\" placeholder=\"Nombre\" required=\"required\">\n\t\t\t\t\t\t\t\t\t\t\t<\/div>\n\t\t\t\t\t\t\t\t<div class=\"elementor-field-type-email elementor-field-group elementor-column elementor-field-group-email elementor-col-50 elementor-field-required\">\n\t\t\t\t\t\t\t\t\t\t\t\t<label for=\"form-field-email\" class=\"elementor-field-label elementor-screen-only\">\n\t\t\t\t\t\t\t\tEmail\t\t\t\t\t\t\t<\/label>\n\t\t\t\t\t\t\t\t\t\t\t\t\t\t<input size=\"1\" type=\"email\" name=\"form_fields[email]\" id=\"form-field-email\" class=\"elementor-field elementor-size-sm  elementor-field-textual\" placeholder=\"Email\" required=\"required\">\n\t\t\t\t\t\t\t\t\t\t\t<\/div>\n\t\t\t\t\t\t\t\t<div class=\"elementor-field-type-tel elementor-field-group elementor-column elementor-field-group-Telefono elementor-col-50\">\n\t\t\t\t\t\t\t\t\t\t\t\t<label for=\"form-field-Telefono\" class=\"elementor-field-label elementor-screen-only\">\n\t\t\t\t\t\t\t\tTel\u00e9fono\t\t\t\t\t\t\t<\/label>\n\t\t\t\t\t\t\t\t<input size=\"1\" type=\"tel\" name=\"form_fields[Telefono]\" id=\"form-field-Telefono\" class=\"elementor-field elementor-size-sm  elementor-field-textual\" placeholder=\"Tel\u00e9fono\" pattern=\"[0-9()#&amp;+*-=.]+\" title=\"Only numbers and phone characters (#, -, *, etc) are accepted.\">\n\n\t\t\t\t\t\t<\/div>\n\t\t\t\t\t\t\t\t<div class=\"elementor-field-type-text elementor-field-group elementor-column elementor-field-group-Idioma elementor-col-50 elementor-field-required\">\n\t\t\t\t\t\t\t\t\t\t\t\t<label for=\"form-field-Idioma\" class=\"elementor-field-label elementor-screen-only\">\n\t\t\t\t\t\t\t\tAsunto\t\t\t\t\t\t\t<\/label>\n\t\t\t\t\t\t\t\t\t\t\t\t\t\t<input size=\"1\" type=\"text\" name=\"form_fields[Idioma]\" id=\"form-field-Idioma\" class=\"elementor-field elementor-size-sm  elementor-field-textual\" placeholder=\"Asunto\" required=\"required\">\n\t\t\t\t\t\t\t\t\t\t\t<\/div>\n\t\t\t\t\t\t\t\t<div class=\"elementor-field-type-textarea elementor-field-group elementor-column elementor-field-group-Mensaje elementor-col-100 elementor-field-required\">\n\t\t\t\t\t\t\t\t\t\t\t\t<label for=\"form-field-Mensaje\" class=\"elementor-field-label elementor-screen-only\">\n\t\t\t\t\t\t\t\tMensaje\t\t\t\t\t\t\t<\/label>\n\t\t\t\t\t\t<textarea class=\"elementor-field-textual elementor-field  elementor-size-sm\" name=\"form_fields[Mensaje]\" id=\"form-field-Mensaje\" rows=\"4\" placeholder=\"Mensaje\" required=\"required\"><\/textarea>\t\t\t\t<\/div>\n\t\t\t\t\t\t\t\t<div class=\"elementor-field-type-acceptance elementor-field-group elementor-column elementor-field-group-field_073bffe elementor-col-100\">\n\t\t\t\t\t\t\t<div class=\"elementor-field-subgroup\">\n\t\t\t<span class=\"elementor-field-option\">\n\t\t\t\t<input type=\"checkbox\" name=\"form_fields[field_073bffe]\" id=\"form-field-field_073bffe\" class=\"elementor-field elementor-size-sm  elementor-acceptance-field\">\n\t\t\t\t<label for=\"form-field-field_073bffe\">He le\u00eddo y acepto la <a href=\"\"><u>Pol\u00edtica de Privacidad<\/u><\/a>, <a href=\"\"><u>Aviso Legal<\/u><\/a> y<a href=\"\"> <u>Cookies<\/u><\/a><\/label>\t\t\t<\/span>\n\t\t<\/div>\n\t\t\t\t\t\t<\/div>\n\t\t\t\t\t\t\t\t<div class=\"elementor-field-group elementor-column elementor-field-type-submit elementor-col-50 e-form__buttons elementor-md-100\">\n\t\t\t\t\t<button class=\"elementor-button elementor-size-sm\" type=\"submit\">\n\t\t\t\t\t\t<span class=\"elementor-button-content-wrapper\">\n\t\t\t\t\t\t\t\t\t\t\t\t\t\t\t\t\t\t\t\t\t\t<span class=\"elementor-button-text\">Cont\u00e1ctanos<\/span>\n\t\t\t\t\t\t\t\t\t\t\t\t\t<\/span>\n\t\t\t\t\t<\/button>\n\t\t\t\t<\/div>\n\t\t\t<\/div>\n\t\t<\/form>\n\t\t\t\t\t\t<\/div>\n\t\t\t\t<\/div>\n\t\t\t\t\t<\/div>\n\t\t\t\t<\/div>\n\t\t\t\t<\/div>\n\t\t","protected":false},"excerpt":{"rendered":"<p>Who We Are We are Lexico At Lexico, we believe that law, mediation and languages are not just technical tools \u2014 they are bridges that allow people, families, and businesses to grow without barriers. We are a multidisciplinary team of lawyers, mediators, translators and interpreters with international experience. Our mission is to support those facing [&hellip;]<\/p>\n","protected":false},"author":1,"featured_media":3010,"parent":0,"menu_order":0,"comment_status":"closed","ping_status":"closed","template":"","meta":{"footnotes":""},"class_list":["post-3011","page","type-page","status-publish","has-post-thumbnail","hentry"],"yoast_head":"<!-- This site is optimized with the Yoast SEO plugin v26.7 - https:\/\/yoast.com\/wordpress\/plugins\/seo\/ -->\n<title>Who We Are - Lexico Global<\/title>\n<meta name=\"description\" content=\"Our mission is to support those facing legal, linguistic or cultural challenges in an increasingly globalised world.\" \/>\n<meta name=\"robots\" content=\"index, follow, max-snippet:-1, max-image-preview:large, max-video-preview:-1\" \/>\n<link rel=\"canonical\" href=\"https:\/\/lexicoglobal.com\/en\/who-we-are\/\" \/>\n<meta property=\"og:locale\" content=\"en_US\" \/>\n<meta property=\"og:type\" content=\"article\" \/>\n<meta property=\"og:title\" content=\"Who We Are - Lexico Global\" \/>\n<meta property=\"og:description\" content=\"Our mission is to support those facing legal, linguistic or cultural challenges in an increasingly globalised world.\" \/>\n<meta property=\"og:url\" content=\"https:\/\/lexicoglobal.com\/en\/who-we-are\/\" \/>\n<meta property=\"og:site_name\" content=\"Lexico Global\" \/>\n<meta property=\"article:modified_time\" content=\"2026-01-08T14:22:30+00:00\" \/>\n<meta property=\"og:image\" content=\"https:\/\/lexicoglobal.com\/wp-content\/uploads\/2025\/11\/Quienes-somos.jpg\" \/>\n\t<meta property=\"og:image:width\" content=\"756\" \/>\n\t<meta property=\"og:image:height\" content=\"625\" \/>\n\t<meta property=\"og:image:type\" content=\"image\/jpeg\" \/>\n<meta name=\"twitter:card\" content=\"summary_large_image\" \/>\n<meta name=\"twitter:label1\" content=\"Est. reading time\" \/>\n\t<meta name=\"twitter:data1\" content=\"1 minute\" \/>\n<script type=\"application\/ld+json\" class=\"yoast-schema-graph\">{\"@context\":\"https:\/\/schema.org\",\"@graph\":[{\"@type\":\"WebPage\",\"@id\":\"https:\/\/lexicoglobal.com\/en\/who-we-are\/\",\"url\":\"https:\/\/lexicoglobal.com\/en\/who-we-are\/\",\"name\":\"Who We Are - Lexico Global\",\"isPartOf\":{\"@id\":\"https:\/\/lexicoglobal.com\/en\/#website\"},\"primaryImageOfPage\":{\"@id\":\"https:\/\/lexicoglobal.com\/en\/who-we-are\/#primaryimage\"},\"image\":{\"@id\":\"https:\/\/lexicoglobal.com\/en\/who-we-are\/#primaryimage\"},\"thumbnailUrl\":\"https:\/\/lexicoglobal.com\/wp-content\/uploads\/2025\/11\/Quienes-somos.jpg\",\"datePublished\":\"2025-11-12T14:03:00+00:00\",\"dateModified\":\"2026-01-08T14:22:30+00:00\",\"description\":\"Our mission is to support those facing legal, linguistic or cultural challenges in an increasingly globalised world.\",\"breadcrumb\":{\"@id\":\"https:\/\/lexicoglobal.com\/en\/who-we-are\/#breadcrumb\"},\"inLanguage\":\"en-US\",\"potentialAction\":[{\"@type\":\"ReadAction\",\"target\":[\"https:\/\/lexicoglobal.com\/en\/who-we-are\/\"]}]},{\"@type\":\"ImageObject\",\"inLanguage\":\"en-US\",\"@id\":\"https:\/\/lexicoglobal.com\/en\/who-we-are\/#primaryimage\",\"url\":\"https:\/\/lexicoglobal.com\/wp-content\/uploads\/2025\/11\/Quienes-somos.jpg\",\"contentUrl\":\"https:\/\/lexicoglobal.com\/wp-content\/uploads\/2025\/11\/Quienes-somos.jpg\",\"width\":756,\"height\":625},{\"@type\":\"BreadcrumbList\",\"@id\":\"https:\/\/lexicoglobal.com\/en\/who-we-are\/#breadcrumb\",\"itemListElement\":[{\"@type\":\"ListItem\",\"position\":1,\"name\":\"Portada\",\"item\":\"https:\/\/lexicoglobal.com\/en\/lexico-global\/\"},{\"@type\":\"ListItem\",\"position\":2,\"name\":\"Who We Are\"}]},{\"@type\":\"WebSite\",\"@id\":\"https:\/\/lexicoglobal.com\/en\/#website\",\"url\":\"https:\/\/lexicoglobal.com\/en\/\",\"name\":\"www.lexicoglobal.com\",\"description\":\"Traducci\u00f3n, expansi\u00f3n, mediaci\u00f3n y soluciones legales internacionales\",\"publisher\":{\"@id\":\"https:\/\/lexicoglobal.com\/en\/#organization\"},\"alternateName\":\"Lexico Global\",\"potentialAction\":[{\"@type\":\"SearchAction\",\"target\":{\"@type\":\"EntryPoint\",\"urlTemplate\":\"https:\/\/lexicoglobal.com\/en\/?s={search_term_string}\"},\"query-input\":{\"@type\":\"PropertyValueSpecification\",\"valueRequired\":true,\"valueName\":\"search_term_string\"}}],\"inLanguage\":\"en-US\"},{\"@type\":\"Organization\",\"@id\":\"https:\/\/lexicoglobal.com\/en\/#organization\",\"name\":\"Lexico Global\",\"url\":\"https:\/\/lexicoglobal.com\/en\/\",\"logo\":{\"@type\":\"ImageObject\",\"inLanguage\":\"en-US\",\"@id\":\"https:\/\/lexicoglobal.com\/en\/#\/schema\/logo\/image\/\",\"url\":\"https:\/\/lexicoglobal.com\/wp-content\/uploads\/2026\/01\/Grupo-2333.png\",\"contentUrl\":\"https:\/\/lexicoglobal.com\/wp-content\/uploads\/2026\/01\/Grupo-2333.png\",\"width\":794,\"height\":235,\"caption\":\"Lexico Global\"},\"image\":{\"@id\":\"https:\/\/lexicoglobal.com\/en\/#\/schema\/logo\/image\/\"}}]}<\/script>\n<!-- \/ Yoast SEO plugin. -->","yoast_head_json":{"title":"Who We Are - Lexico Global","description":"Our mission is to support those facing legal, linguistic or cultural challenges in an increasingly globalised world.","robots":{"index":"index","follow":"follow","max-snippet":"max-snippet:-1","max-image-preview":"max-image-preview:large","max-video-preview":"max-video-preview:-1"},"canonical":"https:\/\/lexicoglobal.com\/en\/who-we-are\/","og_locale":"en_US","og_type":"article","og_title":"Who We Are - Lexico Global","og_description":"Our mission is to support those facing legal, linguistic or cultural challenges in an increasingly globalised world.","og_url":"https:\/\/lexicoglobal.com\/en\/who-we-are\/","og_site_name":"Lexico Global","article_modified_time":"2026-01-08T14:22:30+00:00","og_image":[{"width":756,"height":625,"url":"https:\/\/lexicoglobal.com\/wp-content\/uploads\/2025\/11\/Quienes-somos.jpg","type":"image\/jpeg"}],"twitter_card":"summary_large_image","twitter_misc":{"Est. reading time":"1 minute"},"schema":{"@context":"https:\/\/schema.org","@graph":[{"@type":"WebPage","@id":"https:\/\/lexicoglobal.com\/en\/who-we-are\/","url":"https:\/\/lexicoglobal.com\/en\/who-we-are\/","name":"Who We Are - Lexico Global","isPartOf":{"@id":"https:\/\/lexicoglobal.com\/en\/#website"},"primaryImageOfPage":{"@id":"https:\/\/lexicoglobal.com\/en\/who-we-are\/#primaryimage"},"image":{"@id":"https:\/\/lexicoglobal.com\/en\/who-we-are\/#primaryimage"},"thumbnailUrl":"https:\/\/lexicoglobal.com\/wp-content\/uploads\/2025\/11\/Quienes-somos.jpg","datePublished":"2025-11-12T14:03:00+00:00","dateModified":"2026-01-08T14:22:30+00:00","description":"Our mission is to support those facing legal, linguistic or cultural challenges in an increasingly globalised world.","breadcrumb":{"@id":"https:\/\/lexicoglobal.com\/en\/who-we-are\/#breadcrumb"},"inLanguage":"en-US","potentialAction":[{"@type":"ReadAction","target":["https:\/\/lexicoglobal.com\/en\/who-we-are\/"]}]},{"@type":"ImageObject","inLanguage":"en-US","@id":"https:\/\/lexicoglobal.com\/en\/who-we-are\/#primaryimage","url":"https:\/\/lexicoglobal.com\/wp-content\/uploads\/2025\/11\/Quienes-somos.jpg","contentUrl":"https:\/\/lexicoglobal.com\/wp-content\/uploads\/2025\/11\/Quienes-somos.jpg","width":756,"height":625},{"@type":"BreadcrumbList","@id":"https:\/\/lexicoglobal.com\/en\/who-we-are\/#breadcrumb","itemListElement":[{"@type":"ListItem","position":1,"name":"Portada","item":"https:\/\/lexicoglobal.com\/en\/lexico-global\/"},{"@type":"ListItem","position":2,"name":"Who We Are"}]},{"@type":"WebSite","@id":"https:\/\/lexicoglobal.com\/en\/#website","url":"https:\/\/lexicoglobal.com\/en\/","name":"www.lexicoglobal.com","description":"Traducci\u00f3n, expansi\u00f3n, mediaci\u00f3n y soluciones legales internacionales","publisher":{"@id":"https:\/\/lexicoglobal.com\/en\/#organization"},"alternateName":"Lexico Global","potentialAction":[{"@type":"SearchAction","target":{"@type":"EntryPoint","urlTemplate":"https:\/\/lexicoglobal.com\/en\/?s={search_term_string}"},"query-input":{"@type":"PropertyValueSpecification","valueRequired":true,"valueName":"search_term_string"}}],"inLanguage":"en-US"},{"@type":"Organization","@id":"https:\/\/lexicoglobal.com\/en\/#organization","name":"Lexico Global","url":"https:\/\/lexicoglobal.com\/en\/","logo":{"@type":"ImageObject","inLanguage":"en-US","@id":"https:\/\/lexicoglobal.com\/en\/#\/schema\/logo\/image\/","url":"https:\/\/lexicoglobal.com\/wp-content\/uploads\/2026\/01\/Grupo-2333.png","contentUrl":"https:\/\/lexicoglobal.com\/wp-content\/uploads\/2026\/01\/Grupo-2333.png","width":794,"height":235,"caption":"Lexico Global"},"image":{"@id":"https:\/\/lexicoglobal.com\/en\/#\/schema\/logo\/image\/"}}]}},"_links":{"self":[{"href":"https:\/\/lexicoglobal.com\/en\/wp-json\/wp\/v2\/pages\/3011","targetHints":{"allow":["GET"]}}],"collection":[{"href":"https:\/\/lexicoglobal.com\/en\/wp-json\/wp\/v2\/pages"}],"about":[{"href":"https:\/\/lexicoglobal.com\/en\/wp-json\/wp\/v2\/types\/page"}],"author":[{"embeddable":true,"href":"https:\/\/lexicoglobal.com\/en\/wp-json\/wp\/v2\/users\/1"}],"replies":[{"embeddable":true,"href":"https:\/\/lexicoglobal.com\/en\/wp-json\/wp\/v2\/comments?post=3011"}],"version-history":[{"count":1,"href":"https:\/\/lexicoglobal.com\/en\/wp-json\/wp\/v2\/pages\/3011\/revisions"}],"predecessor-version":[{"id":3012,"href":"https:\/\/lexicoglobal.com\/en\/wp-json\/wp\/v2\/pages\/3011\/revisions\/3012"}],"wp:featuredmedia":[{"embeddable":true,"href":"https:\/\/lexicoglobal.com\/en\/wp-json\/wp\/v2\/media\/3010"}],"wp:attachment":[{"href":"https:\/\/lexicoglobal.com\/en\/wp-json\/wp\/v2\/media?parent=3011"}],"curies":[{"name":"wp","href":"https:\/\/api.w.org\/{rel}","templated":true}]}}