{"id":3014,"date":"2025-11-12T14:03:00","date_gmt":"2025-11-12T14:03:00","guid":{"rendered":"https:\/\/lexicoglobal.com\/qui-sommes-nous\/"},"modified":"2026-01-08T14:27:56","modified_gmt":"2026-01-08T14:27:56","slug":"qui-sommes-nous","status":"publish","type":"page","link":"https:\/\/lexicoglobal.com\/fr\/qui-sommes-nous\/","title":{"rendered":"Qui sommes-nous"},"content":{"rendered":"\t\t<div data-elementor-type=\"wp-page\" data-elementor-id=\"3014\" class=\"elementor elementor-3014 elementor-210\" data-elementor-post-type=\"page\">\n\t\t\t\t<div class=\"elementor-element elementor-element-96b44cd e-flex e-con-boxed e-con e-parent\" data-id=\"96b44cd\" data-element_type=\"container\" data-settings=\"{&quot;background_background&quot;:&quot;classic&quot;}\">\n\t\t\t\t\t<div class=\"e-con-inner\">\n\t\t\t\t<div class=\"elementor-element elementor-element-9e8649d elementor-widget__width-initial elementor-widget-mobile__width-initial elementor-widget elementor-widget-heading\" data-id=\"9e8649d\" data-element_type=\"widget\" data-widget_type=\"heading.default\">\n\t\t\t\t\t<h1 class=\"elementor-heading-title elementor-size-default\">Qui sommes-nous<\/h1>\t\t\t\t<\/div>\n\t\t\t\t\t<\/div>\n\t\t\t\t<\/div>\n\t\t<div class=\"elementor-element elementor-element-819203a e-flex e-con-boxed e-con e-parent\" data-id=\"819203a\" data-element_type=\"container\">\n\t\t\t\t\t<div class=\"e-con-inner\">\n\t\t<div class=\"elementor-element elementor-element-110a1d1 e-con-full e-flex e-con e-child\" data-id=\"110a1d1\" data-element_type=\"container\">\n\t\t\t\t<div class=\"elementor-element elementor-element-83f182c elementor-widget elementor-widget-heading\" data-id=\"83f182c\" data-element_type=\"widget\" data-widget_type=\"heading.default\">\n\t\t\t\t\t<h2 class=\"elementor-heading-title elementor-size-default\">Nous sommes Lexico<\/h2>\t\t\t\t<\/div>\n\t\t\t\t<div class=\"elementor-element elementor-element-ad69de0 elementor-widget elementor-widget-text-editor\" data-id=\"ad69de0\" data-element_type=\"widget\" data-widget_type=\"text-editor.default\">\n\t\t\t\t\t\t\t\t\t<p>Chez<strong> Lexico<\/strong>, nous pensons que le droit, la m\u00e9diation et les langues ne sont pas seulement des outils techniques, mais aussi des ponts permettant aux personnes, aux familles et aux entreprises de se d\u00e9velopper sans entraves.<\/p><p>Nous sommes une \u00e9quipe multidisciplinaire compos\u00e9e d\u2019avocats, de m\u00e9diateurs, de traducteurs et d\u2019interpr\u00e8tes ayant une exp\u00e9rience internationale. Notre mission est d\u2019aider celles et ceux qui sont confront\u00e9s \u00e0 des d\u00e9fis juridiques, linguistiques ou culturels dans un monde de plus en plus globalis\u00e9, en proposant toujours des solutions claires, personnalis\u00e9es et culturellement adapt\u00e9es.<\/p><p>Notre vision int\u00e9gr\u00e9e<\/p>\t\t\t\t\t\t\t\t<\/div>\n\t\t\t\t<div class=\"elementor-element elementor-element-eeafbf0 elementor-widget elementor-widget-text-editor\" data-id=\"eeafbf0\" data-element_type=\"widget\" data-widget_type=\"text-editor.default\">\n\t\t\t\t\t\t\t\t\t<ul><li><strong>Juridique <\/strong>\u2013 Nous vous fournissons des conseils et un accompagnement afin que vous vous sentiez en confiance dans toute proc\u00e9dure judiciaire ou tout litige.<\/li><li><strong>Linguistique<\/strong> \u2013 Nous veillons \u00e0 ce que votre message soit communiqu\u00e9 de mani\u00e8re claire, fid\u00e8le et pr\u00e9cise dans toutes les langues. <\/li><li><strong>Interculturel<\/strong> \u2013 Nous vous aidons \u00e0 transformer les diff\u00e9rences culturelles en atouts, et non en obstacles.<\/li><\/ul>\t\t\t\t\t\t\t\t<\/div>\n\t\t\t\t<div class=\"elementor-element elementor-element-07e1bf7 elementor-widget elementor-widget-text-editor\" data-id=\"07e1bf7\" data-element_type=\"widget\" data-widget_type=\"text-editor.default\">\n\t\t\t\t\t\t\t\t\t<p>Ce qui nous distingue, c\u2019est notre approche humaine et personnalis\u00e9e. Nous n\u2019appliquons pas de mod\u00e8les ni de r\u00e9ponses toutes faites : nous \u00e9coutons votre histoire, comprenons votre contexte et \u00e9laborons un plan adapt\u00e9 \u00e0 vos besoins La confidentialit\u00e9, la transparence et la qualit\u00e9 sont les fondements de tout ce que nous faisons.<\/p><p>Nous travaillons avec des particuliers, des professionnels, des petites et moyennes entreprises, des ONG et des migrants, en nous adaptant \u00e0 chaque situation avec sensibilit\u00e9 et respect.<\/p><p>Chez<strong> Lexico<\/strong>, nous ne nous contentons pas de r\u00e9soudre des probl\u00e8mes :<br>nous ouvrons la voie \u00e0 votre projet, \u00e0 votre famille ou \u00e0 votre vie personnelle, pour qu\u2019ils puissent se d\u00e9velopper dans la s\u00e9curit\u00e9, la confiance et la r\u00e9ussite, o\u00f9 que vous soyez dans le monde.<\/p>\t\t\t\t\t\t\t\t<\/div>\n\t\t\t\t<\/div>\n\t\t<div class=\"elementor-element elementor-element-ffa0acd e-con-full e-flex e-con e-child\" data-id=\"ffa0acd\" data-element_type=\"container\" data-settings=\"{&quot;background_background&quot;:&quot;classic&quot;}\">\n\t\t\t\t<\/div>\n\t\t\t\t\t<\/div>\n\t\t\t\t<\/div>\n\t\t<div class=\"elementor-element elementor-element-dcefc00 e-flex e-con-boxed e-con e-parent\" data-id=\"dcefc00\" data-element_type=\"container\">\n\t\t\t\t\t<div class=\"e-con-inner\">\n\t\t<div class=\"elementor-element elementor-element-44b1ad2 e-con-full e-flex e-con e-child\" data-id=\"44b1ad2\" data-element_type=\"container\">\n\t\t\t\t<div class=\"elementor-element elementor-element-be400a4 elementor-widget__width-initial elementor-widget elementor-widget-heading\" data-id=\"be400a4\" data-element_type=\"widget\" data-widget_type=\"heading.default\">\n\t\t\t\t\t<p class=\"elementor-heading-title elementor-size-default\">Contactez-nous<\/p>\t\t\t\t<\/div>\n\t\t\t\t<\/div>\n\t\t<div class=\"elementor-element elementor-element-2f1987a e-con-full e-flex e-con e-child\" data-id=\"2f1987a\" data-element_type=\"container\">\n\t\t\t\t<div class=\"elementor-element elementor-element-286b94e elementor-button-align-start elementor-mobile-button-align-center elementor-tablet-button-align-center elementor-widget-tablet__width-inherit elementor-widget elementor-widget-form\" data-id=\"286b94e\" data-element_type=\"widget\" data-settings=\"{&quot;button_width&quot;:&quot;50&quot;,&quot;step_next_label&quot;:&quot;Next&quot;,&quot;step_previous_label&quot;:&quot;Previous&quot;,&quot;step_type&quot;:&quot;none&quot;,&quot;step_icon_shape&quot;:&quot;none&quot;,&quot;button_width_tablet&quot;:&quot;100&quot;}\" data-widget_type=\"form.default\">\n\t\t\t\t\t\t\t<form class=\"elementor-form\" method=\"post\" name=\"New Form\" aria-label=\"New Form\">\n\t\t\t<input type=\"hidden\" name=\"post_id\" value=\"3014\"\/>\n\t\t\t<input type=\"hidden\" name=\"form_id\" value=\"286b94e\"\/>\n\t\t\t<input type=\"hidden\" name=\"referer_title\" value=\"Qui sommes-nous - Lexico Global\" \/>\n\n\t\t\t\t\t\t\t<input type=\"hidden\" name=\"queried_id\" value=\"3014\"\/>\n\t\t\t\n\t\t\t<div class=\"elementor-form-fields-wrapper elementor-labels-\">\n\t\t\t\t\t\t\t\t<div class=\"elementor-field-type-text elementor-field-group elementor-column elementor-field-group-Nombre elementor-col-50 elementor-field-required\">\n\t\t\t\t\t\t\t\t\t\t\t\t<label for=\"form-field-Nombre\" class=\"elementor-field-label elementor-screen-only\">\n\t\t\t\t\t\t\t\tNombre\t\t\t\t\t\t\t<\/label>\n\t\t\t\t\t\t\t\t\t\t\t\t\t\t<input size=\"1\" type=\"text\" name=\"form_fields[Nombre]\" id=\"form-field-Nombre\" class=\"elementor-field elementor-size-sm  elementor-field-textual\" placeholder=\"Nombre\" required=\"required\">\n\t\t\t\t\t\t\t\t\t\t\t<\/div>\n\t\t\t\t\t\t\t\t<div class=\"elementor-field-type-email elementor-field-group elementor-column elementor-field-group-email elementor-col-50 elementor-field-required\">\n\t\t\t\t\t\t\t\t\t\t\t\t<label for=\"form-field-email\" class=\"elementor-field-label elementor-screen-only\">\n\t\t\t\t\t\t\t\tEmail\t\t\t\t\t\t\t<\/label>\n\t\t\t\t\t\t\t\t\t\t\t\t\t\t<input size=\"1\" type=\"email\" name=\"form_fields[email]\" id=\"form-field-email\" class=\"elementor-field elementor-size-sm  elementor-field-textual\" placeholder=\"Email\" required=\"required\">\n\t\t\t\t\t\t\t\t\t\t\t<\/div>\n\t\t\t\t\t\t\t\t<div class=\"elementor-field-type-tel elementor-field-group elementor-column elementor-field-group-Telefono elementor-col-50\">\n\t\t\t\t\t\t\t\t\t\t\t\t<label for=\"form-field-Telefono\" class=\"elementor-field-label elementor-screen-only\">\n\t\t\t\t\t\t\t\tTel\u00e9fono\t\t\t\t\t\t\t<\/label>\n\t\t\t\t\t\t\t\t<input size=\"1\" type=\"tel\" name=\"form_fields[Telefono]\" id=\"form-field-Telefono\" class=\"elementor-field elementor-size-sm  elementor-field-textual\" placeholder=\"Tel\u00e9fono\" pattern=\"[0-9()#&amp;+*-=.]+\" title=\"Seuls les caract\u00e8res de num\u00e9ros de t\u00e9l\u00e9phone (#, -, *, etc.) sont accept\u00e9s.\">\n\n\t\t\t\t\t\t<\/div>\n\t\t\t\t\t\t\t\t<div class=\"elementor-field-type-text elementor-field-group elementor-column elementor-field-group-Idioma elementor-col-50 elementor-field-required\">\n\t\t\t\t\t\t\t\t\t\t\t\t<label for=\"form-field-Idioma\" class=\"elementor-field-label elementor-screen-only\">\n\t\t\t\t\t\t\t\tAsunto\t\t\t\t\t\t\t<\/label>\n\t\t\t\t\t\t\t\t\t\t\t\t\t\t<input size=\"1\" type=\"text\" name=\"form_fields[Idioma]\" id=\"form-field-Idioma\" class=\"elementor-field elementor-size-sm  elementor-field-textual\" placeholder=\"Asunto\" required=\"required\">\n\t\t\t\t\t\t\t\t\t\t\t<\/div>\n\t\t\t\t\t\t\t\t<div class=\"elementor-field-type-textarea elementor-field-group elementor-column elementor-field-group-Mensaje elementor-col-100 elementor-field-required\">\n\t\t\t\t\t\t\t\t\t\t\t\t<label for=\"form-field-Mensaje\" class=\"elementor-field-label elementor-screen-only\">\n\t\t\t\t\t\t\t\tMensaje\t\t\t\t\t\t\t<\/label>\n\t\t\t\t\t\t<textarea class=\"elementor-field-textual elementor-field  elementor-size-sm\" name=\"form_fields[Mensaje]\" id=\"form-field-Mensaje\" rows=\"4\" placeholder=\"Mensaje\" required=\"required\"><\/textarea>\t\t\t\t<\/div>\n\t\t\t\t\t\t\t\t<div class=\"elementor-field-type-acceptance elementor-field-group elementor-column elementor-field-group-field_073bffe elementor-col-100\">\n\t\t\t\t\t\t\t<div class=\"elementor-field-subgroup\">\n\t\t\t<span class=\"elementor-field-option\">\n\t\t\t\t<input type=\"checkbox\" name=\"form_fields[field_073bffe]\" id=\"form-field-field_073bffe\" class=\"elementor-field elementor-size-sm  elementor-acceptance-field\">\n\t\t\t\t<label for=\"form-field-field_073bffe\">He le\u00eddo y acepto la <a href=\"\"><u>Pol\u00edtica de Privacidad<\/u><\/a>, <a href=\"\"><u>Aviso Legal<\/u><\/a> y<a href=\"\"> <u>Cookies<\/u><\/a><\/label>\t\t\t<\/span>\n\t\t<\/div>\n\t\t\t\t\t\t<\/div>\n\t\t\t\t\t\t\t\t<div class=\"elementor-field-group elementor-column elementor-field-type-submit elementor-col-50 e-form__buttons elementor-md-100\">\n\t\t\t\t\t<button class=\"elementor-button elementor-size-sm\" type=\"submit\">\n\t\t\t\t\t\t<span class=\"elementor-button-content-wrapper\">\n\t\t\t\t\t\t\t\t\t\t\t\t\t\t\t\t\t\t\t\t\t\t<span class=\"elementor-button-text\">Cont\u00e1ctanos<\/span>\n\t\t\t\t\t\t\t\t\t\t\t\t\t<\/span>\n\t\t\t\t\t<\/button>\n\t\t\t\t<\/div>\n\t\t\t<\/div>\n\t\t<\/form>\n\t\t\t\t\t\t<\/div>\n\t\t\t\t<\/div>\n\t\t\t\t\t<\/div>\n\t\t\t\t<\/div>\n\t\t\t\t<\/div>\n\t\t","protected":false},"excerpt":{"rendered":"<p>Qui sommes-nous Nous sommes Lexico Chez Lexico, nous pensons que le droit, la m\u00e9diation et les langues ne sont pas seulement des outils techniques, mais aussi des ponts permettant aux personnes, aux familles et aux entreprises de se d\u00e9velopper sans entraves. Nous sommes une \u00e9quipe multidisciplinaire compos\u00e9e d\u2019avocats, de m\u00e9diateurs, de traducteurs et d\u2019interpr\u00e8tes ayant [&hellip;]<\/p>\n","protected":false},"author":1,"featured_media":3013,"parent":0,"menu_order":0,"comment_status":"closed","ping_status":"closed","template":"","meta":{"footnotes":""},"class_list":["post-3014","page","type-page","status-publish","has-post-thumbnail","hentry"],"yoast_head":"<!-- This site is optimized with the Yoast SEO plugin v26.7 - https:\/\/yoast.com\/wordpress\/plugins\/seo\/ -->\n<title>Qui sommes-nous - Lexico Global<\/title>\n<meta name=\"description\" content=\"Notre mission est d\u2019accompagner ceux qui font face \u00e0 des d\u00e9fis juridiques, linguistiques ou culturels dans un monde de plus en plus globalis\u00e9.\" \/>\n<meta name=\"robots\" content=\"index, follow, max-snippet:-1, max-image-preview:large, max-video-preview:-1\" \/>\n<link rel=\"canonical\" href=\"https:\/\/lexicoglobal.com\/fr\/qui-sommes-nous\/\" \/>\n<meta property=\"og:locale\" content=\"fr_FR\" \/>\n<meta property=\"og:type\" content=\"article\" \/>\n<meta property=\"og:title\" content=\"Qui sommes-nous - Lexico Global\" \/>\n<meta property=\"og:description\" content=\"Notre mission est d\u2019accompagner ceux qui font face \u00e0 des d\u00e9fis juridiques, linguistiques ou culturels dans un monde de plus en plus globalis\u00e9.\" \/>\n<meta property=\"og:url\" content=\"https:\/\/lexicoglobal.com\/fr\/qui-sommes-nous\/\" \/>\n<meta property=\"og:site_name\" content=\"Lexico Global\" \/>\n<meta property=\"article:modified_time\" content=\"2026-01-08T14:27:56+00:00\" \/>\n<meta property=\"og:image\" content=\"https:\/\/lexicoglobal.com\/wp-content\/uploads\/2025\/11\/Quienes-somos.jpg\" \/>\n\t<meta property=\"og:image:width\" content=\"756\" \/>\n\t<meta property=\"og:image:height\" content=\"625\" \/>\n\t<meta property=\"og:image:type\" content=\"image\/jpeg\" \/>\n<meta name=\"twitter:card\" content=\"summary_large_image\" \/>\n<meta name=\"twitter:label1\" content=\"Dur\u00e9e de lecture estim\u00e9e\" \/>\n\t<meta name=\"twitter:data1\" content=\"2 minutes\" \/>\n<script type=\"application\/ld+json\" class=\"yoast-schema-graph\">{\"@context\":\"https:\/\/schema.org\",\"@graph\":[{\"@type\":\"WebPage\",\"@id\":\"https:\/\/lexicoglobal.com\/fr\/qui-sommes-nous\/\",\"url\":\"https:\/\/lexicoglobal.com\/fr\/qui-sommes-nous\/\",\"name\":\"Qui sommes-nous - Lexico Global\",\"isPartOf\":{\"@id\":\"https:\/\/lexicoglobal.com\/fr\/#website\"},\"primaryImageOfPage\":{\"@id\":\"https:\/\/lexicoglobal.com\/fr\/qui-sommes-nous\/#primaryimage\"},\"image\":{\"@id\":\"https:\/\/lexicoglobal.com\/fr\/qui-sommes-nous\/#primaryimage\"},\"thumbnailUrl\":\"https:\/\/lexicoglobal.com\/wp-content\/uploads\/2025\/11\/Quienes-somos.jpg\",\"datePublished\":\"2025-11-12T14:03:00+00:00\",\"dateModified\":\"2026-01-08T14:27:56+00:00\",\"description\":\"Notre mission est d\u2019accompagner ceux qui font face \u00e0 des d\u00e9fis juridiques, linguistiques ou culturels dans un monde de plus en plus globalis\u00e9.\",\"breadcrumb\":{\"@id\":\"https:\/\/lexicoglobal.com\/fr\/qui-sommes-nous\/#breadcrumb\"},\"inLanguage\":\"fr-FR\",\"potentialAction\":[{\"@type\":\"ReadAction\",\"target\":[\"https:\/\/lexicoglobal.com\/fr\/qui-sommes-nous\/\"]}]},{\"@type\":\"ImageObject\",\"inLanguage\":\"fr-FR\",\"@id\":\"https:\/\/lexicoglobal.com\/fr\/qui-sommes-nous\/#primaryimage\",\"url\":\"https:\/\/lexicoglobal.com\/wp-content\/uploads\/2025\/11\/Quienes-somos.jpg\",\"contentUrl\":\"https:\/\/lexicoglobal.com\/wp-content\/uploads\/2025\/11\/Quienes-somos.jpg\",\"width\":756,\"height\":625},{\"@type\":\"BreadcrumbList\",\"@id\":\"https:\/\/lexicoglobal.com\/fr\/qui-sommes-nous\/#breadcrumb\",\"itemListElement\":[{\"@type\":\"ListItem\",\"position\":1,\"name\":\"Portada\",\"item\":\"https:\/\/lexicoglobal.com\/fr\/lexico-global\/\"},{\"@type\":\"ListItem\",\"position\":2,\"name\":\"Qui sommes-nous\"}]},{\"@type\":\"WebSite\",\"@id\":\"https:\/\/lexicoglobal.com\/fr\/#website\",\"url\":\"https:\/\/lexicoglobal.com\/fr\/\",\"name\":\"www.lexicoglobal.com\",\"description\":\"Traducci\u00f3n, expansi\u00f3n, mediaci\u00f3n y soluciones legales internacionales\",\"publisher\":{\"@id\":\"https:\/\/lexicoglobal.com\/fr\/#organization\"},\"alternateName\":\"Lexico Global\",\"potentialAction\":[{\"@type\":\"SearchAction\",\"target\":{\"@type\":\"EntryPoint\",\"urlTemplate\":\"https:\/\/lexicoglobal.com\/fr\/?s={search_term_string}\"},\"query-input\":{\"@type\":\"PropertyValueSpecification\",\"valueRequired\":true,\"valueName\":\"search_term_string\"}}],\"inLanguage\":\"fr-FR\"},{\"@type\":\"Organization\",\"@id\":\"https:\/\/lexicoglobal.com\/fr\/#organization\",\"name\":\"Lexico Global\",\"url\":\"https:\/\/lexicoglobal.com\/fr\/\",\"logo\":{\"@type\":\"ImageObject\",\"inLanguage\":\"fr-FR\",\"@id\":\"https:\/\/lexicoglobal.com\/fr\/#\/schema\/logo\/image\/\",\"url\":\"https:\/\/lexicoglobal.com\/wp-content\/uploads\/2026\/01\/Grupo-2333.png\",\"contentUrl\":\"https:\/\/lexicoglobal.com\/wp-content\/uploads\/2026\/01\/Grupo-2333.png\",\"width\":794,\"height\":235,\"caption\":\"Lexico Global\"},\"image\":{\"@id\":\"https:\/\/lexicoglobal.com\/fr\/#\/schema\/logo\/image\/\"}}]}<\/script>\n<!-- \/ Yoast SEO plugin. -->","yoast_head_json":{"title":"Qui sommes-nous - Lexico Global","description":"Notre mission est d\u2019accompagner ceux qui font face \u00e0 des d\u00e9fis juridiques, linguistiques ou culturels dans un monde de plus en plus globalis\u00e9.","robots":{"index":"index","follow":"follow","max-snippet":"max-snippet:-1","max-image-preview":"max-image-preview:large","max-video-preview":"max-video-preview:-1"},"canonical":"https:\/\/lexicoglobal.com\/fr\/qui-sommes-nous\/","og_locale":"fr_FR","og_type":"article","og_title":"Qui sommes-nous - Lexico Global","og_description":"Notre mission est d\u2019accompagner ceux qui font face \u00e0 des d\u00e9fis juridiques, linguistiques ou culturels dans un monde de plus en plus globalis\u00e9.","og_url":"https:\/\/lexicoglobal.com\/fr\/qui-sommes-nous\/","og_site_name":"Lexico Global","article_modified_time":"2026-01-08T14:27:56+00:00","og_image":[{"width":756,"height":625,"url":"https:\/\/lexicoglobal.com\/wp-content\/uploads\/2025\/11\/Quienes-somos.jpg","type":"image\/jpeg"}],"twitter_card":"summary_large_image","twitter_misc":{"Dur\u00e9e de lecture estim\u00e9e":"2 minutes"},"schema":{"@context":"https:\/\/schema.org","@graph":[{"@type":"WebPage","@id":"https:\/\/lexicoglobal.com\/fr\/qui-sommes-nous\/","url":"https:\/\/lexicoglobal.com\/fr\/qui-sommes-nous\/","name":"Qui sommes-nous - Lexico Global","isPartOf":{"@id":"https:\/\/lexicoglobal.com\/fr\/#website"},"primaryImageOfPage":{"@id":"https:\/\/lexicoglobal.com\/fr\/qui-sommes-nous\/#primaryimage"},"image":{"@id":"https:\/\/lexicoglobal.com\/fr\/qui-sommes-nous\/#primaryimage"},"thumbnailUrl":"https:\/\/lexicoglobal.com\/wp-content\/uploads\/2025\/11\/Quienes-somos.jpg","datePublished":"2025-11-12T14:03:00+00:00","dateModified":"2026-01-08T14:27:56+00:00","description":"Notre mission est d\u2019accompagner ceux qui font face \u00e0 des d\u00e9fis juridiques, linguistiques ou culturels dans un monde de plus en plus globalis\u00e9.","breadcrumb":{"@id":"https:\/\/lexicoglobal.com\/fr\/qui-sommes-nous\/#breadcrumb"},"inLanguage":"fr-FR","potentialAction":[{"@type":"ReadAction","target":["https:\/\/lexicoglobal.com\/fr\/qui-sommes-nous\/"]}]},{"@type":"ImageObject","inLanguage":"fr-FR","@id":"https:\/\/lexicoglobal.com\/fr\/qui-sommes-nous\/#primaryimage","url":"https:\/\/lexicoglobal.com\/wp-content\/uploads\/2025\/11\/Quienes-somos.jpg","contentUrl":"https:\/\/lexicoglobal.com\/wp-content\/uploads\/2025\/11\/Quienes-somos.jpg","width":756,"height":625},{"@type":"BreadcrumbList","@id":"https:\/\/lexicoglobal.com\/fr\/qui-sommes-nous\/#breadcrumb","itemListElement":[{"@type":"ListItem","position":1,"name":"Portada","item":"https:\/\/lexicoglobal.com\/fr\/lexico-global\/"},{"@type":"ListItem","position":2,"name":"Qui sommes-nous"}]},{"@type":"WebSite","@id":"https:\/\/lexicoglobal.com\/fr\/#website","url":"https:\/\/lexicoglobal.com\/fr\/","name":"www.lexicoglobal.com","description":"Traducci\u00f3n, expansi\u00f3n, mediaci\u00f3n y soluciones legales internacionales","publisher":{"@id":"https:\/\/lexicoglobal.com\/fr\/#organization"},"alternateName":"Lexico Global","potentialAction":[{"@type":"SearchAction","target":{"@type":"EntryPoint","urlTemplate":"https:\/\/lexicoglobal.com\/fr\/?s={search_term_string}"},"query-input":{"@type":"PropertyValueSpecification","valueRequired":true,"valueName":"search_term_string"}}],"inLanguage":"fr-FR"},{"@type":"Organization","@id":"https:\/\/lexicoglobal.com\/fr\/#organization","name":"Lexico Global","url":"https:\/\/lexicoglobal.com\/fr\/","logo":{"@type":"ImageObject","inLanguage":"fr-FR","@id":"https:\/\/lexicoglobal.com\/fr\/#\/schema\/logo\/image\/","url":"https:\/\/lexicoglobal.com\/wp-content\/uploads\/2026\/01\/Grupo-2333.png","contentUrl":"https:\/\/lexicoglobal.com\/wp-content\/uploads\/2026\/01\/Grupo-2333.png","width":794,"height":235,"caption":"Lexico Global"},"image":{"@id":"https:\/\/lexicoglobal.com\/fr\/#\/schema\/logo\/image\/"}}]}},"_links":{"self":[{"href":"https:\/\/lexicoglobal.com\/fr\/wp-json\/wp\/v2\/pages\/3014","targetHints":{"allow":["GET"]}}],"collection":[{"href":"https:\/\/lexicoglobal.com\/fr\/wp-json\/wp\/v2\/pages"}],"about":[{"href":"https:\/\/lexicoglobal.com\/fr\/wp-json\/wp\/v2\/types\/page"}],"author":[{"embeddable":true,"href":"https:\/\/lexicoglobal.com\/fr\/wp-json\/wp\/v2\/users\/1"}],"replies":[{"embeddable":true,"href":"https:\/\/lexicoglobal.com\/fr\/wp-json\/wp\/v2\/comments?post=3014"}],"version-history":[{"count":1,"href":"https:\/\/lexicoglobal.com\/fr\/wp-json\/wp\/v2\/pages\/3014\/revisions"}],"predecessor-version":[{"id":3015,"href":"https:\/\/lexicoglobal.com\/fr\/wp-json\/wp\/v2\/pages\/3014\/revisions\/3015"}],"wp:featuredmedia":[{"embeddable":true,"href":"https:\/\/lexicoglobal.com\/fr\/wp-json\/wp\/v2\/media\/3013"}],"wp:attachment":[{"href":"https:\/\/lexicoglobal.com\/fr\/wp-json\/wp\/v2\/media?parent=3014"}],"curies":[{"name":"wp","href":"https:\/\/api.w.org\/{rel}","templated":true}]}}