{"id":3055,"date":"2025-11-12T14:12:17","date_gmt":"2025-11-12T14:12:17","guid":{"rendered":"https:\/\/lexicoglobal.com\/blog\/"},"modified":"2026-01-08T14:59:45","modified_gmt":"2026-01-08T14:59:45","slug":"blog","status":"publish","type":"page","link":"https:\/\/lexicoglobal.com\/fr\/blog\/","title":{"rendered":"Blog"},"content":{"rendered":"\t\t<div data-elementor-type=\"wp-page\" data-elementor-id=\"3055\" class=\"elementor elementor-3055 elementor-221\" data-elementor-post-type=\"page\">\n\t\t\t\t<div class=\"elementor-element elementor-element-498fb2c e-con-full e-flex e-con e-parent\" data-id=\"498fb2c\" data-element_type=\"container\" data-settings=\"{&quot;background_background&quot;:&quot;classic&quot;}\">\n\t\t\t\t<div class=\"elementor-element elementor-element-d4d6f54 elementor-widget__width-initial elementor-widget elementor-widget-heading\" data-id=\"d4d6f54\" data-element_type=\"widget\" data-widget_type=\"heading.default\">\n\t\t\t\t\t<h1 class=\"elementor-heading-title elementor-size-default\">Blog<\/h1>\t\t\t\t<\/div>\n\t\t\t\t<\/div>\n\t\t<div class=\"elementor-element elementor-element-1de5099 e-flex e-con-boxed e-con e-parent\" data-id=\"1de5099\" data-element_type=\"container\">\n\t\t\t\t\t<div class=\"e-con-inner\">\n\t\t\t\t\t<\/div>\n\t\t\t\t<\/div>\n\t\t\t\t<\/div>\n\t\t","protected":false},"excerpt":{"rendered":"<p>Blog<\/p>\n","protected":false},"author":1,"featured_media":0,"parent":0,"menu_order":0,"comment_status":"closed","ping_status":"closed","template":"","meta":{"footnotes":""},"class_list":["post-3055","page","type-page","status-publish","hentry"],"yoast_head":"<!-- This site is optimized with the Yoast SEO plugin v26.7 - https:\/\/yoast.com\/wordpress\/plugins\/seo\/ -->\n<title>Blog - Lexico Global<\/title>\n<meta name=\"description\" content=\"Sur notre blog, nous partageons toutes les actualit\u00e9s et mises \u00e0 jour qui concernent notre secteur afin que vous puissiez rester inform\u00e9s.\" \/>\n<meta name=\"robots\" content=\"index, follow, max-snippet:-1, max-image-preview:large, max-video-preview:-1\" \/>\n<link rel=\"canonical\" href=\"https:\/\/lexicoglobal.com\/fr\/blog\/\" \/>\n<meta property=\"og:locale\" content=\"fr_FR\" \/>\n<meta property=\"og:type\" content=\"article\" \/>\n<meta property=\"og:title\" content=\"Blog - Lexico Global\" \/>\n<meta property=\"og:description\" content=\"Sur notre blog, nous partageons toutes les actualit\u00e9s et mises \u00e0 jour qui concernent notre secteur afin que vous puissiez rester inform\u00e9s.\" \/>\n<meta property=\"og:url\" content=\"https:\/\/lexicoglobal.com\/fr\/blog\/\" \/>\n<meta property=\"og:site_name\" content=\"Lexico Global\" \/>\n<meta property=\"article:modified_time\" content=\"2026-01-08T14:59:45+00:00\" \/>\n<meta name=\"twitter:card\" content=\"summary_large_image\" \/>\n<script type=\"application\/ld+json\" class=\"yoast-schema-graph\">{\"@context\":\"https:\/\/schema.org\",\"@graph\":[{\"@type\":\"WebPage\",\"@id\":\"https:\/\/lexicoglobal.com\/fr\/blog\/\",\"url\":\"https:\/\/lexicoglobal.com\/fr\/blog\/\",\"name\":\"Blog - Lexico Global\",\"isPartOf\":{\"@id\":\"https:\/\/lexicoglobal.com\/fr\/#website\"},\"datePublished\":\"2025-11-12T14:12:17+00:00\",\"dateModified\":\"2026-01-08T14:59:45+00:00\",\"description\":\"Sur notre blog, nous partageons toutes les actualit\u00e9s et mises \u00e0 jour qui concernent notre secteur afin que vous puissiez rester inform\u00e9s.\",\"breadcrumb\":{\"@id\":\"https:\/\/lexicoglobal.com\/fr\/blog\/#breadcrumb\"},\"inLanguage\":\"fr-FR\",\"potentialAction\":[{\"@type\":\"ReadAction\",\"target\":[\"https:\/\/lexicoglobal.com\/fr\/blog\/\"]}]},{\"@type\":\"BreadcrumbList\",\"@id\":\"https:\/\/lexicoglobal.com\/fr\/blog\/#breadcrumb\",\"itemListElement\":[{\"@type\":\"ListItem\",\"position\":1,\"name\":\"Portada\",\"item\":\"https:\/\/lexicoglobal.com\/fr\/lexico-global\/\"},{\"@type\":\"ListItem\",\"position\":2,\"name\":\"Blog\"}]},{\"@type\":\"WebSite\",\"@id\":\"https:\/\/lexicoglobal.com\/fr\/#website\",\"url\":\"https:\/\/lexicoglobal.com\/fr\/\",\"name\":\"www.lexicoglobal.com\",\"description\":\"Traducci\u00f3n, expansi\u00f3n, mediaci\u00f3n y soluciones legales internacionales\",\"publisher\":{\"@id\":\"https:\/\/lexicoglobal.com\/fr\/#organization\"},\"alternateName\":\"Lexico Global\",\"potentialAction\":[{\"@type\":\"SearchAction\",\"target\":{\"@type\":\"EntryPoint\",\"urlTemplate\":\"https:\/\/lexicoglobal.com\/fr\/?s={search_term_string}\"},\"query-input\":{\"@type\":\"PropertyValueSpecification\",\"valueRequired\":true,\"valueName\":\"search_term_string\"}}],\"inLanguage\":\"fr-FR\"},{\"@type\":\"Organization\",\"@id\":\"https:\/\/lexicoglobal.com\/fr\/#organization\",\"name\":\"Lexico Global\",\"url\":\"https:\/\/lexicoglobal.com\/fr\/\",\"logo\":{\"@type\":\"ImageObject\",\"inLanguage\":\"fr-FR\",\"@id\":\"https:\/\/lexicoglobal.com\/fr\/#\/schema\/logo\/image\/\",\"url\":\"https:\/\/lexicoglobal.com\/wp-content\/uploads\/2026\/01\/Grupo-2333.png\",\"contentUrl\":\"https:\/\/lexicoglobal.com\/wp-content\/uploads\/2026\/01\/Grupo-2333.png\",\"width\":794,\"height\":235,\"caption\":\"Lexico Global\"},\"image\":{\"@id\":\"https:\/\/lexicoglobal.com\/fr\/#\/schema\/logo\/image\/\"}}]}<\/script>\n<!-- \/ Yoast SEO plugin. -->","yoast_head_json":{"title":"Blog - Lexico Global","description":"Sur notre blog, nous partageons toutes les actualit\u00e9s et mises \u00e0 jour qui concernent notre secteur afin que vous puissiez rester inform\u00e9s.","robots":{"index":"index","follow":"follow","max-snippet":"max-snippet:-1","max-image-preview":"max-image-preview:large","max-video-preview":"max-video-preview:-1"},"canonical":"https:\/\/lexicoglobal.com\/fr\/blog\/","og_locale":"fr_FR","og_type":"article","og_title":"Blog - Lexico Global","og_description":"Sur notre blog, nous partageons toutes les actualit\u00e9s et mises \u00e0 jour qui concernent notre secteur afin que vous puissiez rester inform\u00e9s.","og_url":"https:\/\/lexicoglobal.com\/fr\/blog\/","og_site_name":"Lexico Global","article_modified_time":"2026-01-08T14:59:45+00:00","twitter_card":"summary_large_image","schema":{"@context":"https:\/\/schema.org","@graph":[{"@type":"WebPage","@id":"https:\/\/lexicoglobal.com\/fr\/blog\/","url":"https:\/\/lexicoglobal.com\/fr\/blog\/","name":"Blog - Lexico Global","isPartOf":{"@id":"https:\/\/lexicoglobal.com\/fr\/#website"},"datePublished":"2025-11-12T14:12:17+00:00","dateModified":"2026-01-08T14:59:45+00:00","description":"Sur notre blog, nous partageons toutes les actualit\u00e9s et mises \u00e0 jour qui concernent notre secteur afin que vous puissiez rester inform\u00e9s.","breadcrumb":{"@id":"https:\/\/lexicoglobal.com\/fr\/blog\/#breadcrumb"},"inLanguage":"fr-FR","potentialAction":[{"@type":"ReadAction","target":["https:\/\/lexicoglobal.com\/fr\/blog\/"]}]},{"@type":"BreadcrumbList","@id":"https:\/\/lexicoglobal.com\/fr\/blog\/#breadcrumb","itemListElement":[{"@type":"ListItem","position":1,"name":"Portada","item":"https:\/\/lexicoglobal.com\/fr\/lexico-global\/"},{"@type":"ListItem","position":2,"name":"Blog"}]},{"@type":"WebSite","@id":"https:\/\/lexicoglobal.com\/fr\/#website","url":"https:\/\/lexicoglobal.com\/fr\/","name":"www.lexicoglobal.com","description":"Traducci\u00f3n, expansi\u00f3n, mediaci\u00f3n y soluciones legales internacionales","publisher":{"@id":"https:\/\/lexicoglobal.com\/fr\/#organization"},"alternateName":"Lexico Global","potentialAction":[{"@type":"SearchAction","target":{"@type":"EntryPoint","urlTemplate":"https:\/\/lexicoglobal.com\/fr\/?s={search_term_string}"},"query-input":{"@type":"PropertyValueSpecification","valueRequired":true,"valueName":"search_term_string"}}],"inLanguage":"fr-FR"},{"@type":"Organization","@id":"https:\/\/lexicoglobal.com\/fr\/#organization","name":"Lexico Global","url":"https:\/\/lexicoglobal.com\/fr\/","logo":{"@type":"ImageObject","inLanguage":"fr-FR","@id":"https:\/\/lexicoglobal.com\/fr\/#\/schema\/logo\/image\/","url":"https:\/\/lexicoglobal.com\/wp-content\/uploads\/2026\/01\/Grupo-2333.png","contentUrl":"https:\/\/lexicoglobal.com\/wp-content\/uploads\/2026\/01\/Grupo-2333.png","width":794,"height":235,"caption":"Lexico Global"},"image":{"@id":"https:\/\/lexicoglobal.com\/fr\/#\/schema\/logo\/image\/"}}]}},"_links":{"self":[{"href":"https:\/\/lexicoglobal.com\/fr\/wp-json\/wp\/v2\/pages\/3055","targetHints":{"allow":["GET"]}}],"collection":[{"href":"https:\/\/lexicoglobal.com\/fr\/wp-json\/wp\/v2\/pages"}],"about":[{"href":"https:\/\/lexicoglobal.com\/fr\/wp-json\/wp\/v2\/types\/page"}],"author":[{"embeddable":true,"href":"https:\/\/lexicoglobal.com\/fr\/wp-json\/wp\/v2\/users\/1"}],"replies":[{"embeddable":true,"href":"https:\/\/lexicoglobal.com\/fr\/wp-json\/wp\/v2\/comments?post=3055"}],"version-history":[{"count":1,"href":"https:\/\/lexicoglobal.com\/fr\/wp-json\/wp\/v2\/pages\/3055\/revisions"}],"predecessor-version":[{"id":3056,"href":"https:\/\/lexicoglobal.com\/fr\/wp-json\/wp\/v2\/pages\/3055\/revisions\/3056"}],"wp:attachment":[{"href":"https:\/\/lexicoglobal.com\/fr\/wp-json\/wp\/v2\/media?parent=3055"}],"curies":[{"name":"wp","href":"https:\/\/api.w.org\/{rel}","templated":true}]}}