{"id":3072,"date":"2025-11-14T10:49:45","date_gmt":"2025-11-14T10:49:45","guid":{"rendered":"https:\/\/lexicoglobal.com\/?page_id=3072"},"modified":"2026-01-08T15:10:19","modified_gmt":"2026-01-08T15:10:19","slug":"mentions-legales-et-conditions-generales-dutilisation","status":"publish","type":"page","link":"https:\/\/lexicoglobal.com\/fr\/mentions-legales-et-conditions-generales-dutilisation\/","title":{"rendered":"Mentions l\u00e9gales et conditions g\u00e9n\u00e9rales d\u2019utilisation"},"content":{"rendered":"<h1>Mentions l\u00e9gales et conditions g\u00e9n\u00e9rales d\u2019utilisation<\/h1>\n<header><strong>www.lexicoglobal.com<\/strong><\/header>\n<p><strong>I. INFORMATIONS G\u00c9N\u00c9RALES<\/strong><\/p>\n<p>Conform\u00e9ment au devoir d\u2019information pr\u00e9vu par la Loi 34\/2002 du 11 juillet relative aux services de la soci\u00e9t\u00e9 de l\u2019information et au commerce \u00e9lectronique (LSSI-CE), les informations g\u00e9n\u00e9rales suivantes concernant ce site web sont fournies ci-dessous :<\/p>\n<p>La propri\u00e9t\u00e9 de ce site web, www.lexicoglobal.com (ci-apr\u00e8s, le Site Web), appartient \u00e0 : , avec NIF : , et dont les coordonn\u00e9es sont les suivantes :<\/p>\n<p>La propri\u00e9t\u00e9 de ce site web, www.lexicoglobal.com (ci-apr\u00e8s, le Site Web), appartient \u00e0 : LEXICO GLOBAL, titulaire du NIF : B12345678 et inscrite \u00e0 : , avec les donn\u00e9es d\u2019enregistrement suivantes : , repr\u00e9sent\u00e9e par : , et dont les coordonn\u00e9es sont les suivantes :<\/p>\n<p>Adresse :<\/p>\n<p>T\u00e9l\u00e9phone de contact :<\/p>\n<p>Fax :<\/p>\n<p>Adresse e-mail de contact :<\/p>\n<p><strong>II. CONDITIONS G\u00c9N\u00c9RALES D\u2019UTILISATION<\/strong><\/p>\n<p><strong>Objet des conditions : le Site Web<\/strong><\/p>\n<p>Les pr\u00e9sentes Conditions G\u00e9n\u00e9rales d\u2019Utilisation (ci-apr\u00e8s, les Conditions) ont pour objet de r\u00e9gir l\u2019acc\u00e8s et l\u2019utilisation du Site Web. Aux fins des pr\u00e9sentes Conditions, le Site Web s\u2019entend comme : l\u2019apparence externe des interfaces d\u2019\u00e9cran, tant de mani\u00e8re statique que dynamique, c\u2019est-\u00e0-dire l\u2019arborescence de navigation ; ainsi que l\u2019ensemble des \u00e9l\u00e9ments int\u00e9gr\u00e9s tant dans les interfaces d\u2019\u00e9cran que dans l\u2019arborescence de navigation (ci-apr\u00e8s, les Contenus) et tous les services ou ressources en ligne qui pourraient \u00eatre propos\u00e9s aux Utilisateurs (ci-apr\u00e8s, les Services).<\/p>\n<p>Lexico Global se r\u00e9serve le droit de modifier, \u00e0 tout moment et sans pr\u00e9avis, la pr\u00e9sentation et la configuration du Site Web ainsi que des Contenus et Services qui y sont int\u00e9gr\u00e9s. L\u2019Utilisateur reconna\u00eet et accepte que Lexico Global puisse \u00e0 tout moment interrompre, d\u00e9sactiver et\/ou annuler l\u2019un quelconque de ces \u00e9l\u00e9ments int\u00e9gr\u00e9s au Site Web ou l\u2019acc\u00e8s \u00e0 ceux-ci.<\/p>\n<p>L\u2019acc\u00e8s au Site Web par l\u2019Utilisateur est libre et, en r\u00e8gle g\u00e9n\u00e9rale, gratuit, sans que l\u2019Utilisateur n\u2019ait \u00e0 fournir de contrepartie pour en b\u00e9n\u00e9ficier, \u00e0 l\u2019exception du co\u00fbt de connexion via le r\u00e9seau de t\u00e9l\u00e9communications fourni par le fournisseur d\u2019acc\u00e8s contract\u00e9 par l\u2019Utilisateur.<\/p>\n<p>Ind\u00e9pendamment du co\u00fbt de connexion, certains Contenus ou Services propos\u00e9s par Lexico Global ou, le cas \u00e9ch\u00e9ant, par des tiers via le Site Web, peuvent \u00eatre soumis \u00e0 une souscription pr\u00e9alable, auquel cas les Conditions G\u00e9n\u00e9rales ou Particuli\u00e8res correspondantes seront clairement indiqu\u00e9es et\/ou mises \u00e0 la disposition de l\u2019Utilisateur.<\/p>\n<p>L\u2019utilisation de certains Contenus ou Services du Site Web peut n\u00e9cessiter une inscription ou un enregistrement pr\u00e9alable de l\u2019Utilisateur.<\/p>\n<p>L\u2019utilisation des Contenus ne n\u00e9cessite aucune inscription ou enregistrement pr\u00e9alable.<\/p>\n<p><strong>L\u2019Utilisateur<\/strong><\/p>\n<p>L\u2019acc\u00e8s, la navigation et l\u2019utilisation du Site Web, ainsi que des espaces permettant l\u2019interaction entre les Utilisateurs et entre l\u2019Utilisateur et Lexico Global, tels que les commentaires et\/ou espaces de blogging, conf\u00e8rent la qualit\u00e9 d\u2019Utilisateur et impliquent l\u2019acceptation de l\u2019ensemble des Conditions \u00e9nonc\u00e9es ici, ainsi que de leurs \u00e9ventuelles modifications ult\u00e9rieures, sans pr\u00e9judice de l\u2019application de la r\u00e9glementation l\u00e9gale imp\u00e9rative correspondante. Compte tenu de l\u2019importance de ce qui pr\u00e9c\u00e8de, il est recommand\u00e9 \u00e0 l\u2019Utilisateur de les lire \u00e0 chaque visite du Site Web.<\/p>\n<p>Le Site Web de Lexico Global offre une grande diversit\u00e9 d\u2019informations, de services et de donn\u00e9es. L\u2019Utilisateur assume la responsabilit\u00e9 d\u2019une utilisation correcte du Site Web. Cette responsabilit\u00e9 s\u2019\u00e9tend notamment \u00e0 :<\/p>\n<ul>\n<li>Une utilisation des informations, Contenus et\/ou Services et donn\u00e9es propos\u00e9s par Lexico Global conforme aux pr\u00e9sentes Conditions, \u00e0 la loi, \u00e0 la morale et \u00e0 l\u2019ordre public, et ne portant pas atteinte aux droits de tiers ni au bon fonctionnement du Site Web.<\/li>\n<li>La v\u00e9racit\u00e9 et la lic\u00e9it\u00e9 des informations fournies par l\u2019Utilisateur dans les formulaires mis \u00e0 disposition par Lexico Global pour l\u2019acc\u00e8s \u00e0 certains Contenus ou Services. En tout \u00e9tat de cause, l\u2019Utilisateur devra informer imm\u00e9diatement Lexico Global de tout fait permettant une utilisation abusive des informations enregistr\u00e9es, tels que, notamment, le vol, la perte ou l\u2019acc\u00e8s non autoris\u00e9 \u00e0 des identifiants et\/ou mots de passe, afin de proc\u00e9der \u00e0 leur annulation imm\u00e9diate.<\/li>\n<\/ul>\n<p>Lexico Global se r\u00e9serve le droit de retirer tous les commentaires et contributions qui enfreignent la loi, portent atteinte \u00e0 la dignit\u00e9 humaine, sont discriminatoires, x\u00e9nophobes, racistes, pornographiques, constituent du spam, portent atteinte \u00e0 la jeunesse ou \u00e0 l\u2019enfance, \u00e0 l\u2019ordre ou \u00e0 la s\u00e9curit\u00e9 publique, ou qui, \u00e0 son appr\u00e9ciation, ne seraient pas appropri\u00e9s pour publication.<\/p>\n<p>En tout \u00e9tat de cause, Lexico Global ne sera pas responsable des opinions exprim\u00e9es par les Utilisateurs via les commentaires ou autres outils de blogging ou de participation.<\/p>\n<p>Le simple acc\u00e8s \u00e0 ce Site Web n\u2019implique l\u2019\u00e9tablissement d\u2019aucune relation commerciale entre Lexico Global et l\u2019Utilisateur.<\/p>\n<p>L\u2019Utilisateur d\u00e9clare \u00eatre majeur et disposer de la capacit\u00e9 juridique suffisante pour \u00eatre li\u00e9 par les pr\u00e9sentes Conditions. Par cons\u00e9quent, ce Site Web de Lexico Global ne s\u2019adresse pas aux mineurs. Lexico Global d\u00e9cline toute responsabilit\u00e9 en cas de non-respect de cette exigence.<\/p>\n<p>Dans le respect de la l\u00e9gislation en vigueur, ce Site Web de Lexico Global s\u2019adresse \u00e0 toute personne, quel que soit son \u00e2ge, susceptible d\u2019acc\u00e9der et\/ou de naviguer sur les pages du Site Web.<\/p>\n<p>Le Site Web est principalement destin\u00e9 aux Utilisateurs r\u00e9sidant en Espagne. Lexico Global ne garantit pas que le Site Web soit conforme aux l\u00e9gislations d\u2019autres pays, totalement ou partiellement. Si l\u2019Utilisateur r\u00e9side ou est domicili\u00e9 dans un autre pays et d\u00e9cide d\u2019acc\u00e9der et\/ou de naviguer sur le Site Web, il le fait sous sa propre responsabilit\u00e9 et devra s\u2019assurer que cet acc\u00e8s et cette navigation respectent la l\u00e9gislation locale applicable, Lexico Global n\u2019assumant aucune responsabilit\u00e9 \u00e0 cet \u00e9gard.<\/p>\n<p><strong>III. ACC\u00c8S ET NAVIGATION SUR LE SITE WEB : EXCLUSION DE GARANTIES ET DE RESPONSABILIT\u00c9<\/strong><\/p>\n<p>Lexico Global ne garantit ni la continuit\u00e9, ni la disponibilit\u00e9, ni l\u2019utilit\u00e9 du Site Web, ni des Contenus ou Services. Lexico Global mettra tout en \u0153uvre pour assurer le bon fonctionnement du Site Web, mais ne garantit pas un acc\u00e8s ininterrompu ou exempt d\u2019erreurs.<\/p>\n<p>Lexico Global ne garantit pas non plus que le contenu ou les logiciels accessibles via ce Site Web soient exempts d\u2019erreurs ou susceptibles de causer des dommages au syst\u00e8me informatique (logiciel et mat\u00e9riel) de l\u2019Utilisateur. En aucun cas Lexico Global ne pourra \u00eatre tenu responsable des pertes, dommages ou pr\u00e9judices de toute nature r\u00e9sultant de l\u2019acc\u00e8s, de la navigation ou de l\u2019utilisation du Site Web, y compris, mais sans s\u2019y limiter, ceux caus\u00e9s aux syst\u00e8mes informatiques ou par l\u2019introduction de virus.<\/p>\n<p>Lexico Global n\u2019est pas non plus responsable des dommages pouvant \u00eatre caus\u00e9s aux Utilisateurs par une utilisation inappropri\u00e9e du Site Web, ni des interruptions, coupures ou d\u00e9faillances des t\u00e9l\u00e9communications.<\/p>\n<p><strong>IV. POLITIQUE DE LIENS<\/strong><\/p>\n<p>Il est port\u00e9 \u00e0 la connaissance des Utilisateurs que le Site Web de Lexico Global met ou peut mettre \u00e0 leur disposition des moyens de liaison (tels que liens, banni\u00e8res, boutons), des annuaires et des moteurs de recherche permettant d\u2019acc\u00e9der \u00e0 des sites web appartenant et\/ou g\u00e9r\u00e9s par des tiers.<\/p>\n<p>La mise en place de ces liens, annuaires et moteurs de recherche a pour seul objectif de faciliter l\u2019acc\u00e8s des Utilisateurs \u00e0 l\u2019information disponible sur Internet et ne saurait \u00eatre consid\u00e9r\u00e9e comme une suggestion, recommandation ou invitation \u00e0 les visiter.<\/p>\n<p>Lexico Global ne commercialise ni n\u2019offre, directement ou par l\u2019interm\u00e9diaire de tiers, les produits et\/ou services disponibles sur les sites li\u00e9s.<\/p>\n<p>Lexico Global propose des contenus sponsoris\u00e9s, des annonces et\/ou des liens d\u2019affiliation. Les informations figurant dans ces liens ou annonces sont fournies par les annonceurs eux-m\u00eames ; par cons\u00e9quent, Lexico Global n\u2019est pas responsable des \u00e9ventuelles inexactitudes ou erreurs qu\u2019ils pourraient contenir, ni ne garantit l\u2019exp\u00e9rience, l\u2019int\u00e9grit\u00e9 ou la responsabilit\u00e9 des annonceurs ni la qualit\u00e9 de leurs produits et\/ou services.<\/p>\n<p>Lexico Global ne garantit pas non plus la disponibilit\u00e9 technique, l\u2019exactitude, la v\u00e9racit\u00e9, la validit\u00e9 ou la l\u00e9galit\u00e9 de sites tiers accessibles par le biais de liens.<\/p>\n<p>Lexico Global ne contr\u00f4le ni ne v\u00e9rifie le contenu d\u2019autres sites web, et n\u2019approuve ni ne fait siens les produits, services, contenus ou autres \u00e9l\u00e9ments figurant sur les sites li\u00e9s.<\/p>\n<p>Lexico Global d\u00e9cline toute responsabilit\u00e9 pour les dommages pouvant r\u00e9sulter de l\u2019acc\u00e8s, de l\u2019utilisation, de la qualit\u00e9 ou de la lic\u00e9it\u00e9 des contenus, communications, opinions, produits et services de sites web tiers li\u00e9s \u00e0 ce Site Web.<\/p>\n<p>L\u2019Utilisateur ou le tiers qui \u00e9tablit un lien hypertexte depuis un autre site web vers le Site Web de Lexico Global doit savoir que :<\/p>\n<ul>\n<li>La reproduction, totale ou partielle, des Contenus et\/ou Services du Site Web est interdite sans autorisation expresse de Lexico Global.<\/li>\n<li>Aucune d\u00e9claration fausse, inexacte ou incorrecte concernant le Site Web de Lexico Global, ses Contenus ou Services n\u2019est autoris\u00e9e.<\/li>\n<li>\u00c0 l\u2019exception du lien hypertexte, le site web \u00e9tablissant le lien ne pourra contenir aucun \u00e9l\u00e9ment prot\u00e9g\u00e9 par le droit de la propri\u00e9t\u00e9 intellectuelle espagnol sans autorisation expresse de Lexico Global.<\/li>\n<\/ul>\n<p>L\u2019\u00e9tablissement d\u2019un lien hypertexte n\u2019implique pas l\u2019existence de relations entre Lexico Global et le propri\u00e9taire du site web depuis lequel le lien est \u00e9tabli, ni la connaissance ou l\u2019acceptation par Lexico Global des contenus, services ou activit\u00e9s propos\u00e9s sur ce site, et inversement.<\/p>\n<p><strong>V. PROPRI\u00c9T\u00c9 INTELLECTUELLE ET INDUSTRIELLE<\/strong><\/p>\n<p>Lexico Global, en tant que titulaire ou cessionnaire, d\u00e9tient l\u2019ensemble des droits de propri\u00e9t\u00e9 intellectuelle et industrielle du Site Web, ainsi que des \u00e9l\u00e9ments qu\u2019il contient (notamment, images, sons, vid\u00e9os, logiciels, textes, marques, logos, structure et design, etc.). Ces \u00e9l\u00e9ments sont prot\u00e9g\u00e9s par la l\u00e9gislation espagnole et europ\u00e9enne ainsi que par les trait\u00e9s internationaux applicables.<\/p>\n<p>Tous droits r\u00e9serv\u00e9s. Conform\u00e9ment \u00e0 la Loi sur la Propri\u00e9t\u00e9 Intellectuelle, la reproduction, la distribution et la communication publique, y compris la mise \u00e0 disposition, de tout ou partie des contenus du Site Web \u00e0 des fins commerciales sont strictement interdites sans l\u2019autorisation de Lexico Global.<\/p>\n<p>L\u2019Utilisateur s\u2019engage \u00e0 respecter les droits de propri\u00e9t\u00e9 intellectuelle et industrielle de Lexico Global. Il peut visualiser, imprimer, copier et stocker les \u00e9l\u00e9ments du Site Web exclusivement pour un usage personnel. Il ne peut toutefois supprimer, alt\u00e9rer ou manipuler les dispositifs de protection ou de s\u00e9curit\u00e9 install\u00e9s sur le Site Web.<\/p>\n<p>Si l\u2019Utilisateur ou un tiers estime qu\u2019un Contenu du Site Web viole des droits de propri\u00e9t\u00e9 intellectuelle, il devra en informer imm\u00e9diatement Lexico Global via les coordonn\u00e9es figurant dans la section INFORMATIONS G\u00c9N\u00c9RALES.<\/p>\n<p><strong>VI. ACTIONS L\u00c9GALES, DROIT APPLICABLE ET JURIDICTION<\/strong><\/p>\n<p>Lexico Global se r\u00e9serve le droit d\u2019exercer toute action civile ou p\u00e9nale qu\u2019elle jugerait n\u00e9cessaire en cas d\u2019utilisation abusive du Site Web ou de non-respect des pr\u00e9sentes Conditions.<\/p>\n<p>La relation entre l\u2019Utilisateur et Lexico Global est r\u00e9gie par la l\u00e9gislation espagnole en vigueur. Tout litige relatif \u00e0 l\u2019interpr\u00e9tation ou \u00e0 l\u2019application des pr\u00e9sentes Conditions sera soumis aux juridictions comp\u00e9tentes conform\u00e9ment au droit applicable.<\/p>\n<p>Le pr\u00e9sent document de Mentions l\u00e9gales et Conditions g\u00e9n\u00e9rales d\u2019utilisation du site web a \u00e9t\u00e9 cr\u00e9\u00e9 \u00e0 l\u2019aide du <a href=\"https:\/\/textos-legales.edgartamarit.com\/\">g\u00e9n\u00e9rateur en ligne de mentions l\u00e9gales et conditions d\u2019utilisation<\/a> le 14\/11\/2025.<\/p>\n","protected":false},"excerpt":{"rendered":"<p>Mentions l\u00e9gales et conditions g\u00e9n\u00e9rales d\u2019utilisation www.lexicoglobal.com I. INFORMATIONS G\u00c9N\u00c9RALES Conform\u00e9ment au devoir d\u2019information pr\u00e9vu par la Loi 34\/2002 du 11 juillet relative aux services de la soci\u00e9t\u00e9 de l\u2019information et au commerce \u00e9lectronique (LSSI-CE), les informations g\u00e9n\u00e9rales suivantes concernant ce site web sont fournies ci-dessous : La propri\u00e9t\u00e9 de ce site web, www.lexicoglobal.com (ci-apr\u00e8s, [&hellip;]<\/p>\n","protected":false},"author":1,"featured_media":0,"parent":0,"menu_order":0,"comment_status":"closed","ping_status":"closed","template":"","meta":{"footnotes":""},"class_list":["post-3072","page","type-page","status-publish","hentry"],"yoast_head":"<!-- This site is optimized with the Yoast SEO plugin v26.7 - https:\/\/yoast.com\/wordpress\/plugins\/seo\/ -->\n<title>Mentions l\u00e9gales et conditions g\u00e9n\u00e9rales d\u2019utilisation - Lexico Global<\/title>\n<meta name=\"robots\" content=\"noindex, nofollow\" \/>\n<meta property=\"og:locale\" content=\"fr_FR\" \/>\n<meta property=\"og:type\" content=\"article\" \/>\n<meta property=\"og:title\" content=\"Mentions l\u00e9gales et conditions g\u00e9n\u00e9rales d\u2019utilisation - Lexico Global\" \/>\n<meta property=\"og:description\" content=\"Mentions l\u00e9gales et conditions g\u00e9n\u00e9rales d\u2019utilisation www.lexicoglobal.com I. INFORMATIONS G\u00c9N\u00c9RALES Conform\u00e9ment au devoir d\u2019information pr\u00e9vu par la Loi 34\/2002 du 11 juillet relative aux services de la soci\u00e9t\u00e9 de l\u2019information et au commerce \u00e9lectronique (LSSI-CE), les informations g\u00e9n\u00e9rales suivantes concernant ce site web sont fournies ci-dessous : La propri\u00e9t\u00e9 de ce site web, www.lexicoglobal.com (ci-apr\u00e8s, [&hellip;]\" \/>\n<meta property=\"og:url\" content=\"https:\/\/lexicoglobal.com\/fr\/mentions-legales-et-conditions-generales-dutilisation\/\" \/>\n<meta property=\"og:site_name\" content=\"Lexico Global\" \/>\n<meta property=\"article:modified_time\" content=\"2026-01-08T15:10:19+00:00\" \/>\n<meta name=\"twitter:card\" content=\"summary_large_image\" \/>\n<script type=\"application\/ld+json\" class=\"yoast-schema-graph\">{\"@context\":\"https:\/\/schema.org\",\"@graph\":[{\"@type\":\"WebPage\",\"@id\":\"https:\/\/lexicoglobal.com\/fr\/mentions-legales-et-conditions-generales-dutilisation\/\",\"url\":\"https:\/\/lexicoglobal.com\/fr\/mentions-legales-et-conditions-generales-dutilisation\/\",\"name\":\"Mentions l\u00e9gales et conditions g\u00e9n\u00e9rales d\u2019utilisation - Lexico Global\",\"isPartOf\":{\"@id\":\"https:\/\/lexicoglobal.com\/fr\/#website\"},\"datePublished\":\"2025-11-14T10:49:45+00:00\",\"dateModified\":\"2026-01-08T15:10:19+00:00\",\"breadcrumb\":{\"@id\":\"https:\/\/lexicoglobal.com\/fr\/mentions-legales-et-conditions-generales-dutilisation\/#breadcrumb\"},\"inLanguage\":\"fr-FR\",\"potentialAction\":[{\"@type\":\"ReadAction\",\"target\":[\"https:\/\/lexicoglobal.com\/fr\/mentions-legales-et-conditions-generales-dutilisation\/\"]}]},{\"@type\":\"BreadcrumbList\",\"@id\":\"https:\/\/lexicoglobal.com\/fr\/mentions-legales-et-conditions-generales-dutilisation\/#breadcrumb\",\"itemListElement\":[{\"@type\":\"ListItem\",\"position\":1,\"name\":\"Portada\",\"item\":\"https:\/\/lexicoglobal.com\/fr\/lexico-global\/\"},{\"@type\":\"ListItem\",\"position\":2,\"name\":\"Mentions l\u00e9gales et conditions g\u00e9n\u00e9rales d\u2019utilisation\"}]},{\"@type\":\"WebSite\",\"@id\":\"https:\/\/lexicoglobal.com\/fr\/#website\",\"url\":\"https:\/\/lexicoglobal.com\/fr\/\",\"name\":\"www.lexicoglobal.com\",\"description\":\"Traducci\u00f3n, expansi\u00f3n, mediaci\u00f3n y soluciones legales internacionales\",\"publisher\":{\"@id\":\"https:\/\/lexicoglobal.com\/fr\/#organization\"},\"alternateName\":\"Lexico Global\",\"potentialAction\":[{\"@type\":\"SearchAction\",\"target\":{\"@type\":\"EntryPoint\",\"urlTemplate\":\"https:\/\/lexicoglobal.com\/fr\/?s={search_term_string}\"},\"query-input\":{\"@type\":\"PropertyValueSpecification\",\"valueRequired\":true,\"valueName\":\"search_term_string\"}}],\"inLanguage\":\"fr-FR\"},{\"@type\":\"Organization\",\"@id\":\"https:\/\/lexicoglobal.com\/fr\/#organization\",\"name\":\"Lexico Global\",\"url\":\"https:\/\/lexicoglobal.com\/fr\/\",\"logo\":{\"@type\":\"ImageObject\",\"inLanguage\":\"fr-FR\",\"@id\":\"https:\/\/lexicoglobal.com\/fr\/#\/schema\/logo\/image\/\",\"url\":\"https:\/\/lexicoglobal.com\/wp-content\/uploads\/2026\/01\/Grupo-2333.png\",\"contentUrl\":\"https:\/\/lexicoglobal.com\/wp-content\/uploads\/2026\/01\/Grupo-2333.png\",\"width\":794,\"height\":235,\"caption\":\"Lexico Global\"},\"image\":{\"@id\":\"https:\/\/lexicoglobal.com\/fr\/#\/schema\/logo\/image\/\"}}]}<\/script>\n<!-- \/ Yoast SEO plugin. -->","yoast_head_json":{"title":"Mentions l\u00e9gales et conditions g\u00e9n\u00e9rales d\u2019utilisation - Lexico Global","robots":{"index":"noindex","follow":"nofollow"},"og_locale":"fr_FR","og_type":"article","og_title":"Mentions l\u00e9gales et conditions g\u00e9n\u00e9rales d\u2019utilisation - Lexico Global","og_description":"Mentions l\u00e9gales et conditions g\u00e9n\u00e9rales d\u2019utilisation www.lexicoglobal.com I. INFORMATIONS G\u00c9N\u00c9RALES Conform\u00e9ment au devoir d\u2019information pr\u00e9vu par la Loi 34\/2002 du 11 juillet relative aux services de la soci\u00e9t\u00e9 de l\u2019information et au commerce \u00e9lectronique (LSSI-CE), les informations g\u00e9n\u00e9rales suivantes concernant ce site web sont fournies ci-dessous : La propri\u00e9t\u00e9 de ce site web, www.lexicoglobal.com (ci-apr\u00e8s, [&hellip;]","og_url":"https:\/\/lexicoglobal.com\/fr\/mentions-legales-et-conditions-generales-dutilisation\/","og_site_name":"Lexico Global","article_modified_time":"2026-01-08T15:10:19+00:00","twitter_card":"summary_large_image","schema":{"@context":"https:\/\/schema.org","@graph":[{"@type":"WebPage","@id":"https:\/\/lexicoglobal.com\/fr\/mentions-legales-et-conditions-generales-dutilisation\/","url":"https:\/\/lexicoglobal.com\/fr\/mentions-legales-et-conditions-generales-dutilisation\/","name":"Mentions l\u00e9gales et conditions g\u00e9n\u00e9rales d\u2019utilisation - Lexico Global","isPartOf":{"@id":"https:\/\/lexicoglobal.com\/fr\/#website"},"datePublished":"2025-11-14T10:49:45+00:00","dateModified":"2026-01-08T15:10:19+00:00","breadcrumb":{"@id":"https:\/\/lexicoglobal.com\/fr\/mentions-legales-et-conditions-generales-dutilisation\/#breadcrumb"},"inLanguage":"fr-FR","potentialAction":[{"@type":"ReadAction","target":["https:\/\/lexicoglobal.com\/fr\/mentions-legales-et-conditions-generales-dutilisation\/"]}]},{"@type":"BreadcrumbList","@id":"https:\/\/lexicoglobal.com\/fr\/mentions-legales-et-conditions-generales-dutilisation\/#breadcrumb","itemListElement":[{"@type":"ListItem","position":1,"name":"Portada","item":"https:\/\/lexicoglobal.com\/fr\/lexico-global\/"},{"@type":"ListItem","position":2,"name":"Mentions l\u00e9gales et conditions g\u00e9n\u00e9rales d\u2019utilisation"}]},{"@type":"WebSite","@id":"https:\/\/lexicoglobal.com\/fr\/#website","url":"https:\/\/lexicoglobal.com\/fr\/","name":"www.lexicoglobal.com","description":"Traducci\u00f3n, expansi\u00f3n, mediaci\u00f3n y soluciones legales internacionales","publisher":{"@id":"https:\/\/lexicoglobal.com\/fr\/#organization"},"alternateName":"Lexico Global","potentialAction":[{"@type":"SearchAction","target":{"@type":"EntryPoint","urlTemplate":"https:\/\/lexicoglobal.com\/fr\/?s={search_term_string}"},"query-input":{"@type":"PropertyValueSpecification","valueRequired":true,"valueName":"search_term_string"}}],"inLanguage":"fr-FR"},{"@type":"Organization","@id":"https:\/\/lexicoglobal.com\/fr\/#organization","name":"Lexico Global","url":"https:\/\/lexicoglobal.com\/fr\/","logo":{"@type":"ImageObject","inLanguage":"fr-FR","@id":"https:\/\/lexicoglobal.com\/fr\/#\/schema\/logo\/image\/","url":"https:\/\/lexicoglobal.com\/wp-content\/uploads\/2026\/01\/Grupo-2333.png","contentUrl":"https:\/\/lexicoglobal.com\/wp-content\/uploads\/2026\/01\/Grupo-2333.png","width":794,"height":235,"caption":"Lexico Global"},"image":{"@id":"https:\/\/lexicoglobal.com\/fr\/#\/schema\/logo\/image\/"}}]}},"_links":{"self":[{"href":"https:\/\/lexicoglobal.com\/fr\/wp-json\/wp\/v2\/pages\/3072","targetHints":{"allow":["GET"]}}],"collection":[{"href":"https:\/\/lexicoglobal.com\/fr\/wp-json\/wp\/v2\/pages"}],"about":[{"href":"https:\/\/lexicoglobal.com\/fr\/wp-json\/wp\/v2\/types\/page"}],"author":[{"embeddable":true,"href":"https:\/\/lexicoglobal.com\/fr\/wp-json\/wp\/v2\/users\/1"}],"replies":[{"embeddable":true,"href":"https:\/\/lexicoglobal.com\/fr\/wp-json\/wp\/v2\/comments?post=3072"}],"version-history":[{"count":1,"href":"https:\/\/lexicoglobal.com\/fr\/wp-json\/wp\/v2\/pages\/3072\/revisions"}],"predecessor-version":[{"id":3078,"href":"https:\/\/lexicoglobal.com\/fr\/wp-json\/wp\/v2\/pages\/3072\/revisions\/3078"}],"wp:attachment":[{"href":"https:\/\/lexicoglobal.com\/fr\/wp-json\/wp\/v2\/media?parent=3072"}],"curies":[{"name":"wp","href":"https:\/\/api.w.org\/{rel}","templated":true}]}}